{"id":1581,"date":"2024-11-14T05:41:09","date_gmt":"2024-11-14T05:41:09","guid":{"rendered":"https:\/\/dizzotravelmug.com\/?page_id=1581"},"modified":"2024-11-14T06:17:43","modified_gmt":"2024-11-14T06:17:43","slug":"faq","status":"publish","type":"page","link":"https:\/\/dizzotravelmug.com\/cs\/faq\/","title":{"rendered":"FAQ"},"content":{"rendered":"<div data-elementor-type=\"wp-page\" data-elementor-id=\"1581\" class=\"elementor elementor-1581\" data-elementor-post-type=\"page\">\n\t\t\t\t<div class=\"elementor-element elementor-element-3dfd191 e-flex e-con-boxed e-con e-parent\" data-id=\"3dfd191\" data-element_type=\"container\" data-settings=\"{&quot;ekit_has_onepagescroll_dot&quot;:&quot;yes&quot;}\">\n\t\t\t\t\t<div class=\"e-con-inner\">\n\t\t\t\t<div class=\"elementor-element elementor-element-c43c62b elementor-widget elementor-widget-heading\" data-id=\"c43c62b\" data-element_type=\"widget\" data-settings=\"{&quot;ekit_we_effect_on&quot;:&quot;none&quot;}\" data-widget_type=\"heading.default\">\n\t\t\t\t<div class=\"elementor-widget-container\">\n\t\t\t\t\t<h2 class=\"elementor-heading-title elementor-size-default\">\u010casto kladen\u00e9 ot\u00e1zky (FAQ)<\/h2>\t\t\t\t<\/div>\n\t\t\t\t<\/div>\n\t\t\t\t\t<\/div>\n\t\t\t\t<\/div>\n\t\t<div class=\"elementor-element elementor-element-cb18f78 e-flex e-con-boxed e-con e-parent\" data-id=\"cb18f78\" data-element_type=\"container\" data-settings=\"{&quot;ekit_has_onepagescroll_dot&quot;:&quot;yes&quot;}\">\n\t\t\t\t\t<div class=\"e-con-inner\">\n\t\t\t\t<div class=\"elementor-element elementor-element-3fe254c elementor-widget elementor-widget-text-editor\" data-id=\"3fe254c\" data-element_type=\"widget\" data-settings=\"{&quot;ekit_we_effect_on&quot;:&quot;none&quot;}\" data-widget_type=\"text-editor.default\">\n\t\t\t\t<div class=\"elementor-widget-container\">\n\t\t\t\t\t\t\t\t\t<p><strong>Ot\u00e1zka: Z jak\u00e9ho materi\u00e1lu je \u0161\u00e1lek vyroben?<\/strong><\/p><p>Odpov\u011b\u010f: N\u00e1\u0161 \u0161\u00e1lek je vyroben z vysoce kvalitn\u00ed nerezov\u00e9 oceli, zn\u00e1m\u00e9 pro svou odolnost a vynikaj\u00edc\u00ed izola\u010dn\u00ed vlastnosti.<\/p><p><strong>Ot\u00e1zka: Je hrnek vhodn\u00fd do my\u010dky n\u00e1dob\u00ed?<\/strong><br \/>Odpov\u011b\u010f: Ano, n\u00e1\u0161 hrnek je navr\u017een tak, aby jej bylo mo\u017en\u00e9 m\u00fdt v my\u010dce pro va\u0161e pohodl\u00ed p\u0159i udr\u017eov\u00e1n\u00ed \u010distoty.<\/p><p><strong>Ot\u00e1zka: Jak \u00fa\u010dinn\u00e1 je izolace hrnku?<\/strong><br \/>Odpov\u011b\u010f: N\u00e1\u0161 hrnek vyu\u017e\u00edv\u00e1 technologii vakuov\u00e9 izolace, kter\u00e1 udr\u017e\u00ed va\u0161e n\u00e1poje hork\u00e9 nebo studen\u00e9 po n\u011bkolik hodin.<\/p><p><strong>Ot\u00e1zka: Je hrnek nepropustn\u00fd?<\/strong><br \/>Odpov\u011b\u010f: Dod\u00e1v\u00e1 se s bezpe\u010dn\u00fdm nepropustn\u00fdm v\u00edkem, kter\u00e9 zajist\u00ed, \u017ee se na cest\u00e1ch nevylije.<\/p><p><strong>Ot\u00e1zka: Je pro hrnek k dispozici v\u00edce barevn\u00fdch mo\u017enost\u00ed?<\/strong><br \/>Odpov\u011b\u010f: Nab\u00edz\u00edme r\u016fzn\u00e9 barevn\u00e9 varianty, v\u010detn\u011b \u010dern\u00e9, st\u0159\u00edbrn\u00e9, modr\u00e9 a r\u016f\u017eov\u00e9, abychom vyhov\u011bli r\u016fzn\u00fdm u\u017eivatelsk\u00fdm preferenc\u00edm.<\/p><p><strong>Ot\u00e1zka: Je hrnek vhodn\u00fd na tepl\u00e9 i studen\u00e9 n\u00e1poje?<\/strong><\/p><p>Odpov\u011b\u010f: Ano, n\u00e1\u0161 hrnek je vhodn\u00fd pro hork\u00e9 i studen\u00e9 n\u00e1poje a poskytuje vynikaj\u00edc\u00ed izolaci pro oba.<\/p>\t\t\t\t\t\t\t\t<\/div>\n\t\t\t\t<\/div>\n\t\t\t\t\t<\/div>\n\t\t\t\t<\/div>\n\t\t\t\t<\/div>","protected":false},"excerpt":{"rendered":"<p>Frequently Asked Questions (FAQ) Q: What material is the cup made of? A: Our cup is crafted from high-quality stainless steel, known for its durability and excellent insulation properties. Q: Is the mug dishwasher safe?A: Yes, our mug is designed to be dishwasher safe for your convenience in maintaining cleanliness. Q: How effective is the&#8230;<\/p>","protected":false},"author":1,"featured_media":0,"parent":0,"menu_order":0,"comment_status":"closed","ping_status":"closed","template":"","meta":{"_kad_post_transparent":"","_kad_post_title":"hide","_kad_post_layout":"fullwidth","_kad_post_sidebar_id":"","_kad_post_content_style":"unboxed","_kad_post_vertical_padding":"hide","_kad_post_feature":"hide","_kad_post_feature_position":"","_kad_post_header":false,"_kad_post_footer":false,"footnotes":""},"class_list":["post-1581","page","type-page","status-publish","hentry"],"_links":{"self":[{"href":"https:\/\/dizzotravelmug.com\/cs\/wp-json\/wp\/v2\/pages\/1581"}],"collection":[{"href":"https:\/\/dizzotravelmug.com\/cs\/wp-json\/wp\/v2\/pages"}],"about":[{"href":"https:\/\/dizzotravelmug.com\/cs\/wp-json\/wp\/v2\/types\/page"}],"author":[{"embeddable":true,"href":"https:\/\/dizzotravelmug.com\/cs\/wp-json\/wp\/v2\/users\/1"}],"replies":[{"embeddable":true,"href":"https:\/\/dizzotravelmug.com\/cs\/wp-json\/wp\/v2\/comments?post=1581"}],"version-history":[{"count":0,"href":"https:\/\/dizzotravelmug.com\/cs\/wp-json\/wp\/v2\/pages\/1581\/revisions"}],"wp:attachment":[{"href":"https:\/\/dizzotravelmug.com\/cs\/wp-json\/wp\/v2\/media?parent=1581"}],"curies":[{"name":"wp","href":"https:\/\/api.w.org\/{rel}","templated":true}]}}