{"id":15,"date":"2024-06-25T08:58:26","date_gmt":"2024-06-25T08:58:26","guid":{"rendered":"https:\/\/dizzotravelmug.com\/?page_id=15"},"modified":"2024-11-15T07:15:56","modified_gmt":"2024-11-15T07:15:56","slug":"a-dedicated-manufacturer-of-premium-cups","status":"publish","type":"page","link":"https:\/\/dizzotravelmug.com\/eo\/diligenta-fabrikisto-de-altkvalitaj-tasoj\/","title":{"rendered":"PRI NI"},"content":{"rendered":"<div data-elementor-type=\"wp-page\" data-elementor-id=\"15\" class=\"elementor elementor-15\" data-elementor-post-type=\"page\">\n\t\t\t\t<div class=\"elementor-element elementor-element-f8b820f e-flex e-con-boxed e-con e-parent\" data-id=\"f8b820f\" data-element_type=\"container\" data-settings=\"{&quot;ekit_has_onepagescroll_dot&quot;:&quot;yes&quot;}\">\n\t\t\t\t\t<div class=\"e-con-inner\">\n\t\t\t\t<div class=\"elementor-element elementor-element-3b44ee6 elementor-widget elementor-widget-heading\" data-id=\"3b44ee6\" data-element_type=\"widget\" data-settings=\"{&quot;ekit_we_effect_on&quot;:&quot;none&quot;}\" data-widget_type=\"heading.default\">\n\t\t\t\t<div class=\"elementor-widget-container\">\n\t\t\t\t\t<h2 class=\"elementor-heading-title elementor-size-default\">Pri ni<\/h2>\t\t\t\t<\/div>\n\t\t\t\t<\/div>\n\t\t\t\t\t<\/div>\n\t\t\t\t<\/div>\n\t\t<div class=\"elementor-element elementor-element-46f0a5a e-flex e-con-boxed e-con e-parent\" data-id=\"46f0a5a\" data-element_type=\"container\" data-settings=\"{&quot;ekit_has_onepagescroll_dot&quot;:&quot;yes&quot;}\">\n\t\t\t\t\t<div class=\"e-con-inner\">\n\t\t<div class=\"elementor-element elementor-element-3dc9b37 e-con-full e-flex e-con e-child\" data-id=\"3dc9b37\" data-element_type=\"container\" data-settings=\"{&quot;ekit_has_onepagescroll_dot&quot;:&quot;yes&quot;}\">\n\t\t\t\t<div class=\"elementor-element elementor-element-ec785a0 elementor-widget elementor-widget-text-editor\" data-id=\"ec785a0\" data-element_type=\"widget\" data-settings=\"{&quot;ekit_we_effect_on&quot;:&quot;none&quot;}\" data-widget_type=\"text-editor.default\">\n\t\t\t\t<div class=\"elementor-widget-container\">\n\t\t\t\t\t\t\t\t\t<p>\u00a0<\/p><p>\u00a0<\/p><p><strong>DIZZO - Kvalito de Kreado Ekde 2016<\/strong><\/p><p>Establita en 2016, DIZZO estis dedi\u0109ita fabrikisto de lar\u011da gamo de tasoj kaj tasoj por la tutmonda merkato. Nia enga\u011di\u011do al kvalito, novigo kaj kontento de kliento igis nin fidinda partnero en la internacia komerco de trinkujoj.<\/p><p><strong>Nia Kompeto<\/strong><\/p><p>Speciali\u011dantaj pri produktado de diversaj specoj de tasoj, inkluzive de vitro, ceramiko, neoksidebla \u015dtalo kaj plasto, ni traktas diversajn postulojn kun personigaj elektoj por renkonti la unikajn preferojn de niaj klientoj tutmonde. Niaj plej altnivelaj instala\u0135oj kaj rigora kvalitkontrolo certigas, ke \u0109iu produkto forlasanta nian fabrikon estas atesto pri nia dedi\u0109o al plejboneco.<\/p><p><strong>Tutmonda Atingo<\/strong><\/p><p>Kun fortika eksporta reto, DIZZO sukcese liveris niajn produktojn al multaj landoj, gajnante reputacion pri fidindeco kaj \u011dustatempa livero. Ni fieras pri komprenado kaj adapti\u011do al la specifaj bezonoj de malsamaj merkatoj, provizante adaptitajn solvojn por nia internacia klientaro.<\/p><p><strong>Ali\u011du al Nia Voja\u011do<\/strong><\/p><p>Dum ni da\u016dre vastigas niajn horizontojn, ni invitas vin esti parto de nia kreskorakonto. Ni kunlaboru por krei da\u016drigeblajn kaj elegantajn produktojn, kiuj plibonigas la \u0109iutagajn vivojn de konsumantoj tra la mondo.<\/p><p>Por demandoj a\u016d komenci partnerecon, bonvolu kontakti nin.<\/p>\t\t\t\t\t\t\t\t<\/div>\n\t\t\t\t<\/div>\n\t\t\t\t<div class=\"elementor-element elementor-element-8b9e83c elementor-align-center elementor-widget elementor-widget-button\" data-id=\"8b9e83c\" data-element_type=\"widget\" data-settings=\"{&quot;ekit_we_effect_on&quot;:&quot;none&quot;}\" data-widget_type=\"button.default\">\n\t\t\t\t<div class=\"elementor-widget-container\">\n\t\t\t\t\t\t\t\t\t<div class=\"elementor-button-wrapper\">\n\t\t\t\t\t<a class=\"elementor-button elementor-button-link elementor-size-sm\" href=\"https:\/\/dizzotravelmug.com\/eo\/kontaktu-nin\/\" target=\"_blank\">\n\t\t\t\t\t\t<span class=\"elementor-button-content-wrapper\">\n\t\t\t\t\t\t\t\t\t<span class=\"elementor-button-text\">Klaku \u0109i tie<\/span>\n\t\t\t\t\t<\/span>\n\t\t\t\t\t<\/a>\n\t\t\t\t<\/div>\n\t\t\t\t\t\t\t\t<\/div>\n\t\t\t\t<\/div>\n\t\t\t\t<\/div>\n\t\t<div class=\"elementor-element elementor-element-5200de5 e-con-full e-flex e-con e-child\" data-id=\"5200de5\" data-element_type=\"container\" data-settings=\"{&quot;ekit_has_onepagescroll_dot&quot;:&quot;yes&quot;}\">\n\t\t\t\t<div class=\"elementor-element elementor-element-b214180 elementor-widget elementor-widget-image\" data-id=\"b214180\" data-element_type=\"widget\" data-settings=\"{&quot;ekit_we_effect_on&quot;:&quot;none&quot;}\" data-widget_type=\"image.default\">\n\t\t\t\t<div class=\"elementor-widget-container\">\n\t\t\t\t\t\t\t\t\t\t\t\t\t\t\t<img fetchpriority=\"high\" decoding=\"async\" width=\"1024\" height=\"768\" src=\"https:\/\/dizzotravelmug.com\/wp-content\/uploads\/2024\/06\/10001-3-1024x768.jpg\" class=\"attachment-large size-large wp-image-149\" alt=\"\" srcset=\"https:\/\/dizzotravelmug.com\/wp-content\/uploads\/2024\/06\/10001-3-1024x768.jpg 1024w, https:\/\/dizzotravelmug.com\/wp-content\/uploads\/2024\/06\/10001-3-600x450.jpg 600w, https:\/\/dizzotravelmug.com\/wp-content\/uploads\/2024\/06\/10001-3-300x225.jpg 300w, https:\/\/dizzotravelmug.com\/wp-content\/uploads\/2024\/06\/10001-3-768x576.jpg 768w, https:\/\/dizzotravelmug.com\/wp-content\/uploads\/2024\/06\/10001-3-1536x1152.jpg 1536w, https:\/\/dizzotravelmug.com\/wp-content\/uploads\/2024\/06\/10001-3.jpg 1702w\" sizes=\"(max-width: 1024px) 100vw, 1024px\" \/>\t\t\t\t\t\t\t\t\t\t\t\t\t\t\t<\/div>\n\t\t\t\t<\/div>\n\t\t\t\t<div class=\"elementor-element elementor-element-c180a01 elementor-widget elementor-widget-image\" data-id=\"c180a01\" data-element_type=\"widget\" data-settings=\"{&quot;ekit_we_effect_on&quot;:&quot;none&quot;}\" data-widget_type=\"image.default\">\n\t\t\t\t<div class=\"elementor-widget-container\">\n\t\t\t\t\t\t\t\t\t\t\t\t\t\t\t<img decoding=\"async\" width=\"1024\" height=\"768\" src=\"https:\/\/dizzotravelmug.com\/wp-content\/uploads\/2024\/06\/10002-1024x768.jpg\" class=\"attachment-large size-large wp-image-150\" alt=\"voja\u011dmug trinka\u0135o\" srcset=\"https:\/\/dizzotravelmug.com\/wp-content\/uploads\/2024\/06\/10002-1024x768.jpg 1024w, https:\/\/dizzotravelmug.com\/wp-content\/uploads\/2024\/06\/10002-600x450.jpg 600w, https:\/\/dizzotravelmug.com\/wp-content\/uploads\/2024\/06\/10002-300x225.jpg 300w, https:\/\/dizzotravelmug.com\/wp-content\/uploads\/2024\/06\/10002-768x576.jpg 768w, https:\/\/dizzotravelmug.com\/wp-content\/uploads\/2024\/06\/10002-1536x1152.jpg 1536w, https:\/\/dizzotravelmug.com\/wp-content\/uploads\/2024\/06\/10002.jpg 1702w\" sizes=\"(max-width: 1024px) 100vw, 1024px\" \/>\t\t\t\t\t\t\t\t\t\t\t\t\t\t\t<\/div>\n\t\t\t\t<\/div>\n\t\t\t\t<div class=\"elementor-element elementor-element-8a7763e elementor-widget elementor-widget-image\" data-id=\"8a7763e\" data-element_type=\"widget\" data-settings=\"{&quot;ekit_we_effect_on&quot;:&quot;none&quot;}\" data-widget_type=\"image.default\">\n\t\t\t\t<div class=\"elementor-widget-container\">\n\t\t\t\t\t\t\t\t\t\t\t\t\t\t\t<img decoding=\"async\" width=\"768\" height=\"1365\" src=\"https:\/\/dizzotravelmug.com\/wp-content\/uploads\/2024\/11\/\u5fae\u4fe1\u56fe\u7247_20241115145851-768x1365.jpg\" class=\"attachment-medium_large size-medium_large wp-image-1656\" alt=\"cup\" srcset=\"https:\/\/dizzotravelmug.com\/wp-content\/uploads\/2024\/11\/\u5fae\u4fe1\u56fe\u7247_20241115145851-768x1365.jpg 768w, https:\/\/dizzotravelmug.com\/wp-content\/uploads\/2024\/11\/\u5fae\u4fe1\u56fe\u7247_20241115145851-169x300.jpg 169w, https:\/\/dizzotravelmug.com\/wp-content\/uploads\/2024\/11\/\u5fae\u4fe1\u56fe\u7247_20241115145851-576x1024.jpg 576w, https:\/\/dizzotravelmug.com\/wp-content\/uploads\/2024\/11\/\u5fae\u4fe1\u56fe\u7247_20241115145851-864x1536.jpg 864w, https:\/\/dizzotravelmug.com\/wp-content\/uploads\/2024\/11\/\u5fae\u4fe1\u56fe\u7247_20241115145851-7x12.jpg 7w, https:\/\/dizzotravelmug.com\/wp-content\/uploads\/2024\/11\/\u5fae\u4fe1\u56fe\u7247_20241115145851.jpg 916w\" sizes=\"(max-width: 768px) 100vw, 768px\" \/>\t\t\t\t\t\t\t\t\t\t\t\t\t\t\t<\/div>\n\t\t\t\t<\/div>\n\t\t\t\t<\/div>\n\t\t\t\t\t<\/div>\n\t\t\t\t<\/div>\n\t\t<div class=\"elementor-element elementor-element-f036e5c e-flex e-con-boxed e-con e-parent\" data-id=\"f036e5c\" data-element_type=\"container\" data-settings=\"{&quot;ekit_has_onepagescroll_dot&quot;:&quot;yes&quot;}\">\n\t\t\t\t\t<div class=\"e-con-inner\">\n\t\t\t\t<div class=\"elementor-element elementor-element-ca4e230 elementor-widget elementor-widget-heading\" data-id=\"ca4e230\" data-element_type=\"widget\" data-settings=\"{&quot;ekit_we_effect_on&quot;:&quot;none&quot;}\" data-widget_type=\"heading.default\">\n\t\t\t\t<div class=\"elementor-widget-container\">\n\t\t\t\t\t<h2 class=\"elementor-heading-title elementor-size-default\">NIA UZINO SUPERVISION<\/h2>\t\t\t\t<\/div>\n\t\t\t\t<\/div>\n\t\t\t\t\t<\/div>\n\t\t\t\t<\/div>\n\t\t<div class=\"elementor-element elementor-element-5900340 e-grid e-con-boxed e-con e-parent\" data-id=\"5900340\" data-element_type=\"container\" data-settings=\"{&quot;ekit_has_onepagescroll_dot&quot;:&quot;yes&quot;}\">\n\t\t\t\t\t<div class=\"e-con-inner\">\n\t\t\t\t<div class=\"elementor-element elementor-element-95ec2ae elementor-widget elementor-widget-image\" data-id=\"95ec2ae\" data-element_type=\"widget\" data-settings=\"{&quot;ekit_we_effect_on&quot;:&quot;none&quot;}\" data-widget_type=\"image.default\">\n\t\t\t\t<div class=\"elementor-widget-container\">\n\t\t\t\t\t\t\t\t\t\t\t\t\t\t\t<img loading=\"lazy\" decoding=\"async\" width=\"1024\" height=\"576\" src=\"https:\/\/dizzotravelmug.com\/wp-content\/uploads\/2024\/06\/10013-1024x576.jpg\" class=\"attachment-large size-large wp-image-223\" alt=\"voja\u011dmug trinka\u0135o\" srcset=\"https:\/\/dizzotravelmug.com\/wp-content\/uploads\/2024\/06\/10013-1024x576.jpg 1024w, https:\/\/dizzotravelmug.com\/wp-content\/uploads\/2024\/06\/10013-600x338.jpg 600w, https:\/\/dizzotravelmug.com\/wp-content\/uploads\/2024\/06\/10013-300x169.jpg 300w, https:\/\/dizzotravelmug.com\/wp-content\/uploads\/2024\/06\/10013-768x432.jpg 768w, https:\/\/dizzotravelmug.com\/wp-content\/uploads\/2024\/06\/10013-1536x864.jpg 1536w, https:\/\/dizzotravelmug.com\/wp-content\/uploads\/2024\/06\/10013.jpg 1621w\" sizes=\"(max-width: 1024px) 100vw, 1024px\" \/>\t\t\t\t\t\t\t\t\t\t\t\t\t\t\t<\/div>\n\t\t\t\t<\/div>\n\t\t\t\t<div class=\"elementor-element elementor-element-56749ac elementor-widget elementor-widget-image\" data-id=\"56749ac\" data-element_type=\"widget\" data-settings=\"{&quot;ekit_we_effect_on&quot;:&quot;none&quot;}\" data-widget_type=\"image.default\">\n\t\t\t\t<div class=\"elementor-widget-container\">\n\t\t\t\t\t\t\t\t\t\t\t\t\t\t\t<img loading=\"lazy\" decoding=\"async\" width=\"1024\" height=\"768\" src=\"https:\/\/dizzotravelmug.com\/wp-content\/uploads\/2024\/06\/10011-1024x768.jpg\" class=\"attachment-large size-large wp-image-221\" alt=\"voja\u011dmug trinka\u0135o\" srcset=\"https:\/\/dizzotravelmug.com\/wp-content\/uploads\/2024\/06\/10011-1024x768.jpg 1024w, https:\/\/dizzotravelmug.com\/wp-content\/uploads\/2024\/06\/10011-600x450.jpg 600w, https:\/\/dizzotravelmug.com\/wp-content\/uploads\/2024\/06\/10011-300x225.jpg 300w, https:\/\/dizzotravelmug.com\/wp-content\/uploads\/2024\/06\/10011-768x576.jpg 768w, https:\/\/dizzotravelmug.com\/wp-content\/uploads\/2024\/06\/10011-1536x1152.jpg 1536w, https:\/\/dizzotravelmug.com\/wp-content\/uploads\/2024\/06\/10011.jpg 1706w\" sizes=\"(max-width: 1024px) 100vw, 1024px\" \/>\t\t\t\t\t\t\t\t\t\t\t\t\t\t\t<\/div>\n\t\t\t\t<\/div>\n\t\t\t\t<div class=\"elementor-element elementor-element-136f614 elementor-widget elementor-widget-image\" data-id=\"136f614\" data-element_type=\"widget\" data-settings=\"{&quot;ekit_we_effect_on&quot;:&quot;none&quot;}\" data-widget_type=\"image.default\">\n\t\t\t\t<div class=\"elementor-widget-container\">\n\t\t\t\t\t\t\t\t\t\t\t\t\t\t\t<img loading=\"lazy\" decoding=\"async\" width=\"1024\" height=\"576\" src=\"https:\/\/dizzotravelmug.com\/wp-content\/uploads\/2024\/06\/10012-1024x576.jpg\" class=\"attachment-large size-large wp-image-222\" alt=\"voja\u011dmug trinka\u0135o\" srcset=\"https:\/\/dizzotravelmug.com\/wp-content\/uploads\/2024\/06\/10012-1024x576.jpg 1024w, https:\/\/dizzotravelmug.com\/wp-content\/uploads\/2024\/06\/10012-600x338.jpg 600w, https:\/\/dizzotravelmug.com\/wp-content\/uploads\/2024\/06\/10012-300x169.jpg 300w, https:\/\/dizzotravelmug.com\/wp-content\/uploads\/2024\/06\/10012-768x432.jpg 768w, https:\/\/dizzotravelmug.com\/wp-content\/uploads\/2024\/06\/10012-1536x864.jpg 1536w, https:\/\/dizzotravelmug.com\/wp-content\/uploads\/2024\/06\/10012.jpg 1639w\" sizes=\"(max-width: 1024px) 100vw, 1024px\" \/>\t\t\t\t\t\t\t\t\t\t\t\t\t\t\t<\/div>\n\t\t\t\t<\/div>\n\t\t\t\t\t<\/div>\n\t\t\t\t<\/div>\n\t\t<div class=\"elementor-element elementor-element-dd45eb7 e-grid e-con-boxed e-con e-parent\" data-id=\"dd45eb7\" data-element_type=\"container\" data-settings=\"{&quot;ekit_has_onepagescroll_dot&quot;:&quot;yes&quot;}\">\n\t\t\t\t\t<div class=\"e-con-inner\">\n\t\t\t\t<div class=\"elementor-element elementor-element-8e7da1d elementor-widget elementor-widget-image\" data-id=\"8e7da1d\" data-element_type=\"widget\" data-settings=\"{&quot;ekit_we_effect_on&quot;:&quot;none&quot;}\" data-widget_type=\"image.default\">\n\t\t\t\t<div class=\"elementor-widget-container\">\n\t\t\t\t\t\t\t\t\t\t\t\t\t\t\t<img loading=\"lazy\" decoding=\"async\" width=\"1024\" height=\"576\" src=\"https:\/\/dizzotravelmug.com\/wp-content\/uploads\/2024\/06\/10008-1024x576.webp\" class=\"attachment-large size-large wp-image-218\" alt=\"\" srcset=\"https:\/\/dizzotravelmug.com\/wp-content\/uploads\/2024\/06\/10008-1024x576.webp 1024w, https:\/\/dizzotravelmug.com\/wp-content\/uploads\/2024\/06\/10008-600x338.webp 600w, https:\/\/dizzotravelmug.com\/wp-content\/uploads\/2024\/06\/10008-300x169.webp 300w, https:\/\/dizzotravelmug.com\/wp-content\/uploads\/2024\/06\/10008-768x432.webp 768w, https:\/\/dizzotravelmug.com\/wp-content\/uploads\/2024\/06\/10008-1536x864.webp 1536w, https:\/\/dizzotravelmug.com\/wp-content\/uploads\/2024\/06\/10008.webp 1920w\" sizes=\"(max-width: 1024px) 100vw, 1024px\" \/>\t\t\t\t\t\t\t\t\t\t\t\t\t\t\t<\/div>\n\t\t\t\t<\/div>\n\t\t\t\t<div class=\"elementor-element elementor-element-8cc4665 elementor-widget elementor-widget-image\" data-id=\"8cc4665\" data-element_type=\"widget\" data-settings=\"{&quot;ekit_we_effect_on&quot;:&quot;none&quot;}\" data-widget_type=\"image.default\">\n\t\t\t\t<div class=\"elementor-widget-container\">\n\t\t\t\t\t\t\t\t\t\t\t\t\t\t\t<img loading=\"lazy\" decoding=\"async\" width=\"1024\" height=\"768\" src=\"https:\/\/dizzotravelmug.com\/wp-content\/uploads\/2024\/06\/10007-1024x768.jpg\" class=\"attachment-large size-large wp-image-217\" alt=\"voja\u011dmug trinka\u0135o\" srcset=\"https:\/\/dizzotravelmug.com\/wp-content\/uploads\/2024\/06\/10007-1024x768.jpg 1024w, https:\/\/dizzotravelmug.com\/wp-content\/uploads\/2024\/06\/10007-600x450.jpg 600w, https:\/\/dizzotravelmug.com\/wp-content\/uploads\/2024\/06\/10007-300x225.jpg 300w, https:\/\/dizzotravelmug.com\/wp-content\/uploads\/2024\/06\/10007-768x576.jpg 768w, https:\/\/dizzotravelmug.com\/wp-content\/uploads\/2024\/06\/10007-1536x1152.jpg 1536w, https:\/\/dizzotravelmug.com\/wp-content\/uploads\/2024\/06\/10007.jpg 1702w\" sizes=\"(max-width: 1024px) 100vw, 1024px\" \/>\t\t\t\t\t\t\t\t\t\t\t\t\t\t\t<\/div>\n\t\t\t\t<\/div>\n\t\t\t\t<div class=\"elementor-element elementor-element-35a722b elementor-widget elementor-widget-image\" data-id=\"35a722b\" data-element_type=\"widget\" data-settings=\"{&quot;ekit_we_effect_on&quot;:&quot;none&quot;}\" data-widget_type=\"image.default\">\n\t\t\t\t<div class=\"elementor-widget-container\">\n\t\t\t\t\t\t\t\t\t\t\t\t\t\t\t<img loading=\"lazy\" decoding=\"async\" width=\"1024\" height=\"576\" src=\"https:\/\/dizzotravelmug.com\/wp-content\/uploads\/2024\/06\/10009-1024x576.jpg\" class=\"attachment-large size-large wp-image-219\" alt=\"voja\u011dmug trinka\u0135o\" srcset=\"https:\/\/dizzotravelmug.com\/wp-content\/uploads\/2024\/06\/10009-1024x576.jpg 1024w, https:\/\/dizzotravelmug.com\/wp-content\/uploads\/2024\/06\/10009-600x338.jpg 600w, https:\/\/dizzotravelmug.com\/wp-content\/uploads\/2024\/06\/10009-300x169.jpg 300w, https:\/\/dizzotravelmug.com\/wp-content\/uploads\/2024\/06\/10009-768x432.jpg 768w, https:\/\/dizzotravelmug.com\/wp-content\/uploads\/2024\/06\/10009-1536x864.jpg 1536w, https:\/\/dizzotravelmug.com\/wp-content\/uploads\/2024\/06\/10009.jpg 1850w\" sizes=\"(max-width: 1024px) 100vw, 1024px\" \/>\t\t\t\t\t\t\t\t\t\t\t\t\t\t\t<\/div>\n\t\t\t\t<\/div>\n\t\t\t\t\t<\/div>\n\t\t\t\t<\/div>\n\t\t<div class=\"elementor-element elementor-element-7c22c9a e-flex e-con-boxed e-con e-parent\" data-id=\"7c22c9a\" data-element_type=\"container\" data-settings=\"{&quot;ekit_has_onepagescroll_dot&quot;:&quot;yes&quot;}\">\n\t\t\t\t\t<div class=\"e-con-inner\">\n\t\t\t\t<div class=\"elementor-element elementor-element-f7216d7 elementor-widget elementor-widget-heading\" data-id=\"f7216d7\" data-element_type=\"widget\" data-settings=\"{&quot;ekit_we_effect_on&quot;:&quot;none&quot;}\" data-widget_type=\"heading.default\">\n\t\t\t\t<div class=\"elementor-widget-container\">\n\t\t\t\t\t<h2 class=\"elementor-heading-title elementor-size-default\">Produkta Personigo<\/h2>\t\t\t\t<\/div>\n\t\t\t\t<\/div>\n\t\t\t\t\t<\/div>\n\t\t\t\t<\/div>\n\t\t<div class=\"elementor-element elementor-element-a387553 e-flex e-con-boxed e-con e-parent\" data-id=\"a387553\" data-element_type=\"container\" data-settings=\"{&quot;ekit_has_onepagescroll_dot&quot;:&quot;yes&quot;}\">\n\t\t\t\t\t<div class=\"e-con-inner\">\n\t\t<div class=\"elementor-element elementor-element-02302db e-con-full e-flex e-con e-child\" data-id=\"02302db\" data-element_type=\"container\" data-settings=\"{&quot;ekit_has_onepagescroll_dot&quot;:&quot;yes&quot;}\">\n\t\t\t\t<div class=\"elementor-element elementor-element-662501b elementor-widget elementor-widget-text-editor\" data-id=\"662501b\" data-element_type=\"widget\" data-settings=\"{&quot;ekit_we_effect_on&quot;:&quot;none&quot;}\" data-widget_type=\"text-editor.default\">\n\t\t\t\t<div class=\"elementor-widget-container\">\n\t\t\t\t\t\t\t\t\t<h3><br><\/h3><h3><br><\/h3><h3><br><\/h3><h3>Niaj voja\u011daj mugoj subtenas personigon de koloro kaj emblemo, certigante, ke la identeco a\u016d persona stilo de via marko speguli\u011das en \u0109iu detalo. Elektu el vigla spektro de koloroj kaj lasu nin presi vian emblemon kun precizeco, igante vian mugon reflekto de via unika gusto.<\/h3>\t\t\t\t\t\t\t\t<\/div>\n\t\t\t\t<\/div>\n\t\t\t\t<\/div>\n\t\t<div class=\"elementor-element elementor-element-576b39e e-con-full e-flex e-con e-child\" data-id=\"576b39e\" data-element_type=\"container\" data-settings=\"{&quot;ekit_has_onepagescroll_dot&quot;:&quot;yes&quot;}\">\n\t\t\t\t<div class=\"elementor-element elementor-element-c190e01 elementor-widget elementor-widget-image\" data-id=\"c190e01\" data-element_type=\"widget\" data-settings=\"{&quot;ekit_we_effect_on&quot;:&quot;none&quot;}\" data-widget_type=\"image.default\">\n\t\t\t\t<div class=\"elementor-widget-container\">\n\t\t\t\t\t\t\t\t\t\t\t\t\t\t\t<img loading=\"lazy\" decoding=\"async\" width=\"1000\" height=\"1000\" src=\"https:\/\/dizzotravelmug.com\/wp-content\/uploads\/2024\/06\/\u5fae\u4fe1\u56fe\u7247_20240627141019.jpg\" class=\"attachment-large size-large wp-image-299\" alt=\"voja\u011dmug trinka\u0135o\" srcset=\"https:\/\/dizzotravelmug.com\/wp-content\/uploads\/2024\/06\/\u5fae\u4fe1\u56fe\u7247_20240627141019.jpg 1000w, https:\/\/dizzotravelmug.com\/wp-content\/uploads\/2024\/06\/\u5fae\u4fe1\u56fe\u7247_20240627141019-300x300.jpg 300w, https:\/\/dizzotravelmug.com\/wp-content\/uploads\/2024\/06\/\u5fae\u4fe1\u56fe\u7247_20240627141019-150x150.jpg 150w, https:\/\/dizzotravelmug.com\/wp-content\/uploads\/2024\/06\/\u5fae\u4fe1\u56fe\u7247_20240627141019-768x768.jpg 768w, https:\/\/dizzotravelmug.com\/wp-content\/uploads\/2024\/06\/\u5fae\u4fe1\u56fe\u7247_20240627141019-600x600.jpg 600w, https:\/\/dizzotravelmug.com\/wp-content\/uploads\/2024\/06\/\u5fae\u4fe1\u56fe\u7247_20240627141019-100x100.jpg 100w\" sizes=\"(max-width: 1000px) 100vw, 1000px\" \/>\t\t\t\t\t\t\t\t\t\t\t\t\t\t\t<\/div>\n\t\t\t\t<\/div>\n\t\t\t\t<\/div>\n\t\t\t\t\t<\/div>\n\t\t\t\t<\/div>\n\t\t\t\t<\/div>","protected":false},"excerpt":{"rendered":"<p>About Us \u00a0 \u00a0 DIZZO &#8211; Crafting Quality Since 2016 Established in 2016,DIZZO has been a dedicated manufacturer of a wide range of cups and mugs for the global market. Our commitment to quality, innovation, and customer satisfaction has made us a trusted partner in the international trade of beverage containers. Our Expertise Specializing in&#8230;<\/p>","protected":false},"author":1,"featured_media":137,"parent":0,"menu_order":2,"comment_status":"closed","ping_status":"closed","template":"","meta":{"_kad_post_transparent":"","_kad_post_title":"hide","_kad_post_layout":"fullwidth","_kad_post_sidebar_id":"","_kad_post_content_style":"unboxed","_kad_post_vertical_padding":"hide","_kad_post_feature":"hide","_kad_post_feature_position":"","_kad_post_header":false,"_kad_post_footer":false,"footnotes":""},"class_list":["post-15","page","type-page","status-publish","has-post-thumbnail","hentry"],"_links":{"self":[{"href":"https:\/\/dizzotravelmug.com\/eo\/wp-json\/wp\/v2\/pages\/15"}],"collection":[{"href":"https:\/\/dizzotravelmug.com\/eo\/wp-json\/wp\/v2\/pages"}],"about":[{"href":"https:\/\/dizzotravelmug.com\/eo\/wp-json\/wp\/v2\/types\/page"}],"author":[{"embeddable":true,"href":"https:\/\/dizzotravelmug.com\/eo\/wp-json\/wp\/v2\/users\/1"}],"replies":[{"embeddable":true,"href":"https:\/\/dizzotravelmug.com\/eo\/wp-json\/wp\/v2\/comments?post=15"}],"version-history":[{"count":0,"href":"https:\/\/dizzotravelmug.com\/eo\/wp-json\/wp\/v2\/pages\/15\/revisions"}],"wp:featuredmedia":[{"embeddable":true,"href":"https:\/\/dizzotravelmug.com\/eo\/wp-json\/wp\/v2\/media\/137"}],"wp:attachment":[{"href":"https:\/\/dizzotravelmug.com\/eo\/wp-json\/wp\/v2\/media?parent=15"}],"curies":[{"name":"wp","href":"https:\/\/api.w.org\/{rel}","templated":true}]}}