{"id":1581,"date":"2024-11-14T05:41:09","date_gmt":"2024-11-14T05:41:09","guid":{"rendered":"https:\/\/dizzotravelmug.com\/?page_id=1581"},"modified":"2024-11-14T06:17:43","modified_gmt":"2024-11-14T06:17:43","slug":"faq","status":"publish","type":"page","link":"https:\/\/dizzotravelmug.com\/fr\/faq\/","title":{"rendered":"FAQ"},"content":{"rendered":"<div data-elementor-type=\"wp-page\" data-elementor-id=\"1581\" class=\"elementor elementor-1581\" data-elementor-post-type=\"page\">\n\t\t\t\t<div class=\"elementor-element elementor-element-3dfd191 e-flex e-con-boxed e-con e-parent\" data-id=\"3dfd191\" data-element_type=\"container\" data-settings=\"{&quot;ekit_has_onepagescroll_dot&quot;:&quot;yes&quot;}\">\n\t\t\t\t\t<div class=\"e-con-inner\">\n\t\t\t\t<div class=\"elementor-element elementor-element-c43c62b elementor-widget elementor-widget-heading\" data-id=\"c43c62b\" data-element_type=\"widget\" data-settings=\"{&quot;ekit_we_effect_on&quot;:&quot;none&quot;}\" data-widget_type=\"heading.default\">\n\t\t\t\t<div class=\"elementor-widget-container\">\n\t\t\t\t\t<h2 class=\"elementor-heading-title elementor-size-default\">Foire aux questions (FAQ)<\/h2>\t\t\t\t<\/div>\n\t\t\t\t<\/div>\n\t\t\t\t\t<\/div>\n\t\t\t\t<\/div>\n\t\t<div class=\"elementor-element elementor-element-cb18f78 e-flex e-con-boxed e-con e-parent\" data-id=\"cb18f78\" data-element_type=\"container\" data-settings=\"{&quot;ekit_has_onepagescroll_dot&quot;:&quot;yes&quot;}\">\n\t\t\t\t\t<div class=\"e-con-inner\">\n\t\t\t\t<div class=\"elementor-element elementor-element-3fe254c elementor-widget elementor-widget-text-editor\" data-id=\"3fe254c\" data-element_type=\"widget\" data-settings=\"{&quot;ekit_we_effect_on&quot;:&quot;none&quot;}\" data-widget_type=\"text-editor.default\">\n\t\t\t\t<div class=\"elementor-widget-container\">\n\t\t\t\t\t\t\t\t\t<p><strong>Q : De quel mat\u00e9riau est faite la tasse ?<\/strong><\/p><p>R : Notre tasse est fabriqu\u00e9e en acier inoxydable de haute qualit\u00e9, connu pour sa durabilit\u00e9 et ses excellentes propri\u00e9t\u00e9s isolantes.<\/p><p><strong>Q : La tasse passe-t-elle au lave-vaisselle ?<\/strong><br \/>R : Oui, notre tasse est con\u00e7ue pour passer au lave-vaisselle pour plus de commodit\u00e9 et maintenir la propret\u00e9.<\/p><p><strong>Q\u00a0: Quelle est l\u2019efficacit\u00e9 de l\u2019isolation de la tasse\u00a0?<\/strong><br \/>R : Notre tasse utilise la technologie d&#039;isolation sous vide pour garder vos boissons chaudes ou froides pendant plusieurs heures.<\/p><p><strong>Q : La tasse est-elle \u00e9tanche ?<\/strong><br \/>R : Il est livr\u00e9 avec un couvercle \u00e9tanche s\u00e9curis\u00e9 pour \u00e9viter tout d\u00e9versement lorsque vous \u00eates en d\u00e9placement.<\/p><p><strong>Q : Existe-t-il plusieurs options de couleurs disponibles pour la tasse ?<\/strong><br \/>R : Nous proposons une vari\u00e9t\u00e9 de choix de couleurs, notamment le noir, l&#039;argent, le bleu et le rose, pour r\u00e9pondre aux diff\u00e9rentes pr\u00e9f\u00e9rences des utilisateurs.<\/p><p><strong>Q : La tasse convient-elle aux boissons chaudes et froides ?<\/strong><\/p><p>R : Oui, notre tasse convient aux boissons chaudes et froides, offrant une excellente isolation dans les deux cas.<\/p>\t\t\t\t\t\t\t\t<\/div>\n\t\t\t\t<\/div>\n\t\t\t\t\t<\/div>\n\t\t\t\t<\/div>\n\t\t\t\t<\/div>","protected":false},"excerpt":{"rendered":"<p>Frequently Asked Questions (FAQ) Q: What material is the cup made of? A: Our cup is crafted from high-quality stainless steel, known for its durability and excellent insulation properties. Q: Is the mug dishwasher safe?A: Yes, our mug is designed to be dishwasher safe for your convenience in maintaining cleanliness. Q: How effective is the&#8230;<\/p>","protected":false},"author":1,"featured_media":0,"parent":0,"menu_order":0,"comment_status":"closed","ping_status":"closed","template":"","meta":{"_kad_post_transparent":"","_kad_post_title":"hide","_kad_post_layout":"fullwidth","_kad_post_sidebar_id":"","_kad_post_content_style":"unboxed","_kad_post_vertical_padding":"hide","_kad_post_feature":"hide","_kad_post_feature_position":"","_kad_post_header":false,"_kad_post_footer":false,"footnotes":""},"class_list":["post-1581","page","type-page","status-publish","hentry"],"_links":{"self":[{"href":"https:\/\/dizzotravelmug.com\/fr\/wp-json\/wp\/v2\/pages\/1581"}],"collection":[{"href":"https:\/\/dizzotravelmug.com\/fr\/wp-json\/wp\/v2\/pages"}],"about":[{"href":"https:\/\/dizzotravelmug.com\/fr\/wp-json\/wp\/v2\/types\/page"}],"author":[{"embeddable":true,"href":"https:\/\/dizzotravelmug.com\/fr\/wp-json\/wp\/v2\/users\/1"}],"replies":[{"embeddable":true,"href":"https:\/\/dizzotravelmug.com\/fr\/wp-json\/wp\/v2\/comments?post=1581"}],"version-history":[{"count":0,"href":"https:\/\/dizzotravelmug.com\/fr\/wp-json\/wp\/v2\/pages\/1581\/revisions"}],"wp:attachment":[{"href":"https:\/\/dizzotravelmug.com\/fr\/wp-json\/wp\/v2\/media?parent=1581"}],"curies":[{"name":"wp","href":"https:\/\/api.w.org\/{rel}","templated":true}]}}