{"id":1581,"date":"2024-11-14T05:41:09","date_gmt":"2024-11-14T05:41:09","guid":{"rendered":"https:\/\/dizzotravelmug.com\/?page_id=1581"},"modified":"2024-11-14T06:17:43","modified_gmt":"2024-11-14T06:17:43","slug":"faq","status":"publish","type":"page","link":"https:\/\/dizzotravelmug.com\/lt\/faq\/","title":{"rendered":"DUK"},"content":{"rendered":"<div data-elementor-type=\"wp-page\" data-elementor-id=\"1581\" class=\"elementor elementor-1581\" data-elementor-post-type=\"page\">\n\t\t\t\t<div class=\"elementor-element elementor-element-3dfd191 e-flex e-con-boxed e-con e-parent\" data-id=\"3dfd191\" data-element_type=\"container\" data-settings=\"{&quot;ekit_has_onepagescroll_dot&quot;:&quot;yes&quot;}\">\n\t\t\t\t\t<div class=\"e-con-inner\">\n\t\t\t\t<div class=\"elementor-element elementor-element-c43c62b elementor-widget elementor-widget-heading\" data-id=\"c43c62b\" data-element_type=\"widget\" data-settings=\"{&quot;ekit_we_effect_on&quot;:&quot;none&quot;}\" data-widget_type=\"heading.default\">\n\t\t\t\t<div class=\"elementor-widget-container\">\n\t\t\t\t\t<h2 class=\"elementor-heading-title elementor-size-default\">Da\u017enai u\u017eduodami klausimai (DUK)<\/h2>\t\t\t\t<\/div>\n\t\t\t\t<\/div>\n\t\t\t\t\t<\/div>\n\t\t\t\t<\/div>\n\t\t<div class=\"elementor-element elementor-element-cb18f78 e-flex e-con-boxed e-con e-parent\" data-id=\"cb18f78\" data-element_type=\"container\" data-settings=\"{&quot;ekit_has_onepagescroll_dot&quot;:&quot;yes&quot;}\">\n\t\t\t\t\t<div class=\"e-con-inner\">\n\t\t\t\t<div class=\"elementor-element elementor-element-3fe254c elementor-widget elementor-widget-text-editor\" data-id=\"3fe254c\" data-element_type=\"widget\" data-settings=\"{&quot;ekit_we_effect_on&quot;:&quot;none&quot;}\" data-widget_type=\"text-editor.default\">\n\t\t\t\t<div class=\"elementor-widget-container\">\n\t\t\t\t\t\t\t\t\t<p><strong>Kl .: I\u0161 kokios med\u017eiagos pagamintas puodelis?<\/strong><\/p><p>A: M\u016bs\u0173 puodelis pagamintas i\u0161 auk\u0161tos kokyb\u0117s ner\u016bdijan\u010dio plieno, \u017einomo d\u0117l savo patvarumo ir puiki\u0173 izoliacini\u0173 savybi\u0173.<\/p><p><strong>Kl .: Ar puodel\u012f galima plauti indaplov\u0117je?<\/strong><br \/>A: Taip, m\u016bs\u0173 puodelis sukurtas taip, kad j\u012f b\u016bt\u0173 galima plauti indaplov\u0117je, kad b\u016bt\u0173 patogiau palaikyti \u0161var\u0105.<\/p><p><strong>K: Kiek efektyvi yra puodelio izoliacija?<\/strong><br \/>A: M\u016bs\u0173 puodelyje naudojama vakuumin\u0117s izoliacijos technologija, kad j\u016bs\u0173 g\u0117rimai b\u016bt\u0173 kar\u0161ti arba \u0161alti kelias valandas.<\/p><p><strong>Kl .: Ar puodelis yra nepralaidus?<\/strong><br \/>A: Jis tiekiamas su saugiu nepralaid\u017eiu dangteliu, kuris u\u017etikrina, kad keliaujant nei\u0161siliet\u0173.<\/p><p><strong>K: Ar yra keletas puodelio spalv\u0173 variant\u0173?<\/strong><br \/>A: Si\u016blome \u012fvairius spalv\u0173 pasirinkimus, \u012fskaitant juod\u0105, sidabrin\u0119, m\u0117lyn\u0105 ir ro\u017ein\u0119, kad patenkintume skirtingus vartotoj\u0173 pageidavimus.<\/p><p><strong>Kl .: Ar puodelis tinka tiek kar\u0161tiems, tiek \u0161altiems g\u0117rimams?<\/strong><\/p><p>A: Taip, m\u016bs\u0173 puodelis tinka tiek kar\u0161tiems, tiek \u0161altiems g\u0117rimams, tod\u0117l puikiai izoliuoja abu.<\/p>\t\t\t\t\t\t\t\t<\/div>\n\t\t\t\t<\/div>\n\t\t\t\t\t<\/div>\n\t\t\t\t<\/div>\n\t\t\t\t<\/div>","protected":false},"excerpt":{"rendered":"<p>Frequently Asked Questions (FAQ) Q: What material is the cup made of? A: Our cup is crafted from high-quality stainless steel, known for its durability and excellent insulation properties. Q: Is the mug dishwasher safe?A: Yes, our mug is designed to be dishwasher safe for your convenience in maintaining cleanliness. Q: How effective is the&#8230;<\/p>","protected":false},"author":1,"featured_media":0,"parent":0,"menu_order":0,"comment_status":"closed","ping_status":"closed","template":"","meta":{"_kad_post_transparent":"","_kad_post_title":"hide","_kad_post_layout":"fullwidth","_kad_post_sidebar_id":"","_kad_post_content_style":"unboxed","_kad_post_vertical_padding":"hide","_kad_post_feature":"hide","_kad_post_feature_position":"","_kad_post_header":false,"_kad_post_footer":false,"footnotes":""},"class_list":["post-1581","page","type-page","status-publish","hentry"],"_links":{"self":[{"href":"https:\/\/dizzotravelmug.com\/lt\/wp-json\/wp\/v2\/pages\/1581"}],"collection":[{"href":"https:\/\/dizzotravelmug.com\/lt\/wp-json\/wp\/v2\/pages"}],"about":[{"href":"https:\/\/dizzotravelmug.com\/lt\/wp-json\/wp\/v2\/types\/page"}],"author":[{"embeddable":true,"href":"https:\/\/dizzotravelmug.com\/lt\/wp-json\/wp\/v2\/users\/1"}],"replies":[{"embeddable":true,"href":"https:\/\/dizzotravelmug.com\/lt\/wp-json\/wp\/v2\/comments?post=1581"}],"version-history":[{"count":0,"href":"https:\/\/dizzotravelmug.com\/lt\/wp-json\/wp\/v2\/pages\/1581\/revisions"}],"wp:attachment":[{"href":"https:\/\/dizzotravelmug.com\/lt\/wp-json\/wp\/v2\/media?parent=1581"}],"curies":[{"name":"wp","href":"https:\/\/api.w.org\/{rel}","templated":true}]}}