{"id":15,"date":"2024-06-25T08:58:26","date_gmt":"2024-06-25T08:58:26","guid":{"rendered":"https:\/\/dizzotravelmug.com\/?page_id=15"},"modified":"2024-11-15T07:15:56","modified_gmt":"2024-11-15T07:15:56","slug":"a-dedicated-manufacturer-of-premium-cups","status":"publish","type":"page","link":"https:\/\/dizzotravelmug.com\/lv\/ipass-premium-klases-kruzisu-razotajs\/","title":{"rendered":"PAR MUMS"},"content":{"rendered":"<div data-elementor-type=\"wp-page\" data-elementor-id=\"15\" class=\"elementor elementor-15\" data-elementor-post-type=\"page\">\n\t\t\t\t<div class=\"elementor-element elementor-element-f8b820f e-flex e-con-boxed e-con e-parent\" data-id=\"f8b820f\" data-element_type=\"container\" data-settings=\"{&quot;ekit_has_onepagescroll_dot&quot;:&quot;yes&quot;}\">\n\t\t\t\t\t<div class=\"e-con-inner\">\n\t\t\t\t<div class=\"elementor-element elementor-element-3b44ee6 elementor-widget elementor-widget-heading\" data-id=\"3b44ee6\" data-element_type=\"widget\" data-settings=\"{&quot;ekit_we_effect_on&quot;:&quot;none&quot;}\" data-widget_type=\"heading.default\">\n\t\t\t\t<div class=\"elementor-widget-container\">\n\t\t\t\t\t<h2 class=\"elementor-heading-title elementor-size-default\">Par mums<\/h2>\t\t\t\t<\/div>\n\t\t\t\t<\/div>\n\t\t\t\t\t<\/div>\n\t\t\t\t<\/div>\n\t\t<div class=\"elementor-element elementor-element-46f0a5a e-flex e-con-boxed e-con e-parent\" data-id=\"46f0a5a\" data-element_type=\"container\" data-settings=\"{&quot;ekit_has_onepagescroll_dot&quot;:&quot;yes&quot;}\">\n\t\t\t\t\t<div class=\"e-con-inner\">\n\t\t<div class=\"elementor-element elementor-element-3dc9b37 e-con-full e-flex e-con e-child\" data-id=\"3dc9b37\" data-element_type=\"container\" data-settings=\"{&quot;ekit_has_onepagescroll_dot&quot;:&quot;yes&quot;}\">\n\t\t\t\t<div class=\"elementor-element elementor-element-ec785a0 elementor-widget elementor-widget-text-editor\" data-id=\"ec785a0\" data-element_type=\"widget\" data-settings=\"{&quot;ekit_we_effect_on&quot;:&quot;none&quot;}\" data-widget_type=\"text-editor.default\">\n\t\t\t\t<div class=\"elementor-widget-container\">\n\t\t\t\t\t\t\t\t\t<p>\u00a0<\/p><p>\u00a0<\/p><p><strong>DIZZO \u2013 Amatniec\u012bbas kvalit\u0101te kop\u0161 2016.\u00a0gada<\/strong><\/p><p>Dibin\u0101ts 2016.\u00a0gad\u0101, DIZZO ir bijis speci\u0101ls pla\u0161a spektra kr\u016bz\u012b\u0161u un kr\u016bz\u012b\u0161u ra\u017eot\u0101js pasaules tirgum. M\u016bsu ap\u0146em\u0161an\u0101s nodro\u0161in\u0101t kvalit\u0101ti, inov\u0101cijas un klientu apmierin\u0101t\u012bbu ir padar\u012bjusi m\u016bs par uzticamu partneri starptautiskaj\u0101 dz\u0113rienu taru tirdzniec\u012bb\u0101.<\/p><p><strong>M\u016bsu ekspert\u012bze<\/strong><\/p><p>M\u0113s specializ\u0113jamies da\u017e\u0101du veidu kr\u016bz\u012b\u0161u, tostarp stikla, keramikas, ner\u016bs\u0113jo\u0161\u0101 t\u0113rauda un plastmasas kr\u016bz\u012b\u0161u ra\u017eo\u0161an\u0101, m\u0113s apmierin\u0101m da\u017e\u0101das pras\u012bbas ar piel\u0101go\u0161anas iesp\u0113j\u0101m, lai apmierin\u0101tu m\u016bsu klientu unik\u0101l\u0101s v\u0113lmes vis\u0101 pasaul\u0113. M\u016bsu modern\u0101s iek\u0101rtas un stingr\u0101 kvalit\u0101tes kontrole nodro\u0161ina, ka katrs produkts, kas tiek izvests no m\u016bsu r\u016bpn\u012bcas, liecina par m\u016bsu cent\u012bbu sasniegt izcil\u012bbu.<\/p><p><strong>Glob\u0101l\u0101 sasniedzam\u012bba<\/strong><\/p><p>Ar sp\u0113c\u012bgu eksporta t\u012bklu DIZZO ir veiksm\u012bgi pieg\u0101d\u0101jis savus produktus daudz\u0101s valst\u012bs, izpelnoties uzticam\u012bbas un savlaic\u012bgas pieg\u0101des reput\u0101ciju. M\u0113s lepojamies ar izpratni un piel\u0101go\u0161anos da\u017e\u0101du tirgu specifiskaj\u0101m vajadz\u012bb\u0101m, nodro\u0161inot piel\u0101gotus risin\u0101jumus m\u016bsu starptautiskajiem klientiem.<\/p><p><strong>Pievienojieties m\u016bsu ce\u013cojumam<\/strong><\/p><p>Turpinot papla\u0161in\u0101t savu redzesloku, aicin\u0101m j\u016bs piedal\u012bties m\u016bsu izaugsmes st\u0101st\u0101. Sadarbosimies, lai rad\u012btu ilgtsp\u0113j\u012bgus un stil\u012bgus produktus, kas uzlabo pat\u0113r\u0113t\u0101ju ikdienas dz\u012bvi vis\u0101 pasaul\u0113.<\/p><p>Lai uzzin\u0101tu vai s\u0101ktu sadarb\u012bbu, l\u016bdzu, sazinieties ar mums.<\/p>\t\t\t\t\t\t\t\t<\/div>\n\t\t\t\t<\/div>\n\t\t\t\t<div class=\"elementor-element elementor-element-8b9e83c elementor-align-center elementor-widget elementor-widget-button\" data-id=\"8b9e83c\" data-element_type=\"widget\" data-settings=\"{&quot;ekit_we_effect_on&quot;:&quot;none&quot;}\" data-widget_type=\"button.default\">\n\t\t\t\t<div class=\"elementor-widget-container\">\n\t\t\t\t\t\t\t\t\t<div class=\"elementor-button-wrapper\">\n\t\t\t\t\t<a class=\"elementor-button elementor-button-link elementor-size-sm\" href=\"https:\/\/dizzotravelmug.com\/lv\/sazinies-ar-mums\/\" target=\"_blank\">\n\t\t\t\t\t\t<span class=\"elementor-button-content-wrapper\">\n\t\t\t\t\t\t\t\t\t<span class=\"elementor-button-text\">Noklik\u0161\u0137iniet \u0161eit<\/span>\n\t\t\t\t\t<\/span>\n\t\t\t\t\t<\/a>\n\t\t\t\t<\/div>\n\t\t\t\t\t\t\t\t<\/div>\n\t\t\t\t<\/div>\n\t\t\t\t<\/div>\n\t\t<div class=\"elementor-element elementor-element-5200de5 e-con-full e-flex e-con e-child\" data-id=\"5200de5\" data-element_type=\"container\" data-settings=\"{&quot;ekit_has_onepagescroll_dot&quot;:&quot;yes&quot;}\">\n\t\t\t\t<div class=\"elementor-element elementor-element-b214180 elementor-widget elementor-widget-image\" data-id=\"b214180\" data-element_type=\"widget\" data-settings=\"{&quot;ekit_we_effect_on&quot;:&quot;none&quot;}\" data-widget_type=\"image.default\">\n\t\t\t\t<div class=\"elementor-widget-container\">\n\t\t\t\t\t\t\t\t\t\t\t\t\t\t\t<img fetchpriority=\"high\" decoding=\"async\" width=\"1024\" height=\"768\" src=\"https:\/\/dizzotravelmug.com\/wp-content\/uploads\/2024\/06\/10001-3-1024x768.jpg\" class=\"attachment-large size-large wp-image-149\" alt=\"\" srcset=\"https:\/\/dizzotravelmug.com\/wp-content\/uploads\/2024\/06\/10001-3-1024x768.jpg 1024w, https:\/\/dizzotravelmug.com\/wp-content\/uploads\/2024\/06\/10001-3-600x450.jpg 600w, https:\/\/dizzotravelmug.com\/wp-content\/uploads\/2024\/06\/10001-3-300x225.jpg 300w, https:\/\/dizzotravelmug.com\/wp-content\/uploads\/2024\/06\/10001-3-768x576.jpg 768w, https:\/\/dizzotravelmug.com\/wp-content\/uploads\/2024\/06\/10001-3-1536x1152.jpg 1536w, https:\/\/dizzotravelmug.com\/wp-content\/uploads\/2024\/06\/10001-3.jpg 1702w\" sizes=\"(max-width: 1024px) 100vw, 1024px\" \/>\t\t\t\t\t\t\t\t\t\t\t\t\t\t\t<\/div>\n\t\t\t\t<\/div>\n\t\t\t\t<div class=\"elementor-element elementor-element-c180a01 elementor-widget elementor-widget-image\" data-id=\"c180a01\" data-element_type=\"widget\" data-settings=\"{&quot;ekit_we_effect_on&quot;:&quot;none&quot;}\" data-widget_type=\"image.default\">\n\t\t\t\t<div class=\"elementor-widget-container\">\n\t\t\t\t\t\t\t\t\t\t\t\t\t\t\t<img decoding=\"async\" width=\"1024\" height=\"768\" src=\"https:\/\/dizzotravelmug.com\/wp-content\/uploads\/2024\/06\/10002-1024x768.jpg\" class=\"attachment-large size-large wp-image-150\" alt=\"ce\u013cojumu kr\u016bze dz\u0113rienu trauki\" srcset=\"https:\/\/dizzotravelmug.com\/wp-content\/uploads\/2024\/06\/10002-1024x768.jpg 1024w, https:\/\/dizzotravelmug.com\/wp-content\/uploads\/2024\/06\/10002-600x450.jpg 600w, https:\/\/dizzotravelmug.com\/wp-content\/uploads\/2024\/06\/10002-300x225.jpg 300w, https:\/\/dizzotravelmug.com\/wp-content\/uploads\/2024\/06\/10002-768x576.jpg 768w, https:\/\/dizzotravelmug.com\/wp-content\/uploads\/2024\/06\/10002-1536x1152.jpg 1536w, https:\/\/dizzotravelmug.com\/wp-content\/uploads\/2024\/06\/10002.jpg 1702w\" sizes=\"(max-width: 1024px) 100vw, 1024px\" \/>\t\t\t\t\t\t\t\t\t\t\t\t\t\t\t<\/div>\n\t\t\t\t<\/div>\n\t\t\t\t<div class=\"elementor-element elementor-element-8a7763e elementor-widget elementor-widget-image\" data-id=\"8a7763e\" data-element_type=\"widget\" data-settings=\"{&quot;ekit_we_effect_on&quot;:&quot;none&quot;}\" data-widget_type=\"image.default\">\n\t\t\t\t<div class=\"elementor-widget-container\">\n\t\t\t\t\t\t\t\t\t\t\t\t\t\t\t<img decoding=\"async\" width=\"768\" height=\"1365\" src=\"https:\/\/dizzotravelmug.com\/wp-content\/uploads\/2024\/11\/\u5fae\u4fe1\u56fe\u7247_20241115145851-768x1365.jpg\" class=\"attachment-medium_large size-medium_large wp-image-1656\" alt=\"cup\" srcset=\"https:\/\/dizzotravelmug.com\/wp-content\/uploads\/2024\/11\/\u5fae\u4fe1\u56fe\u7247_20241115145851-768x1365.jpg 768w, https:\/\/dizzotravelmug.com\/wp-content\/uploads\/2024\/11\/\u5fae\u4fe1\u56fe\u7247_20241115145851-169x300.jpg 169w, https:\/\/dizzotravelmug.com\/wp-content\/uploads\/2024\/11\/\u5fae\u4fe1\u56fe\u7247_20241115145851-576x1024.jpg 576w, https:\/\/dizzotravelmug.com\/wp-content\/uploads\/2024\/11\/\u5fae\u4fe1\u56fe\u7247_20241115145851-864x1536.jpg 864w, https:\/\/dizzotravelmug.com\/wp-content\/uploads\/2024\/11\/\u5fae\u4fe1\u56fe\u7247_20241115145851-7x12.jpg 7w, https:\/\/dizzotravelmug.com\/wp-content\/uploads\/2024\/11\/\u5fae\u4fe1\u56fe\u7247_20241115145851.jpg 916w\" sizes=\"(max-width: 768px) 100vw, 768px\" \/>\t\t\t\t\t\t\t\t\t\t\t\t\t\t\t<\/div>\n\t\t\t\t<\/div>\n\t\t\t\t<\/div>\n\t\t\t\t\t<\/div>\n\t\t\t\t<\/div>\n\t\t<div class=\"elementor-element elementor-element-f036e5c e-flex e-con-boxed e-con e-parent\" data-id=\"f036e5c\" data-element_type=\"container\" data-settings=\"{&quot;ekit_has_onepagescroll_dot&quot;:&quot;yes&quot;}\">\n\t\t\t\t\t<div class=\"e-con-inner\">\n\t\t\t\t<div class=\"elementor-element elementor-element-ca4e230 elementor-widget elementor-widget-heading\" data-id=\"ca4e230\" data-element_type=\"widget\" data-settings=\"{&quot;ekit_we_effect_on&quot;:&quot;none&quot;}\" data-widget_type=\"heading.default\">\n\t\t\t\t<div class=\"elementor-widget-container\">\n\t\t\t\t\t<h2 class=\"elementor-heading-title elementor-size-default\">M\u016aSU R\u016aPN\u012aCAS P\u0100RSKATS<\/h2>\t\t\t\t<\/div>\n\t\t\t\t<\/div>\n\t\t\t\t\t<\/div>\n\t\t\t\t<\/div>\n\t\t<div class=\"elementor-element elementor-element-5900340 e-grid e-con-boxed e-con e-parent\" data-id=\"5900340\" data-element_type=\"container\" data-settings=\"{&quot;ekit_has_onepagescroll_dot&quot;:&quot;yes&quot;}\">\n\t\t\t\t\t<div class=\"e-con-inner\">\n\t\t\t\t<div class=\"elementor-element elementor-element-95ec2ae elementor-widget elementor-widget-image\" data-id=\"95ec2ae\" data-element_type=\"widget\" data-settings=\"{&quot;ekit_we_effect_on&quot;:&quot;none&quot;}\" data-widget_type=\"image.default\">\n\t\t\t\t<div class=\"elementor-widget-container\">\n\t\t\t\t\t\t\t\t\t\t\t\t\t\t\t<img loading=\"lazy\" decoding=\"async\" width=\"1024\" height=\"576\" src=\"https:\/\/dizzotravelmug.com\/wp-content\/uploads\/2024\/06\/10013-1024x576.jpg\" class=\"attachment-large size-large wp-image-223\" alt=\"ce\u013cojumu kr\u016bze dz\u0113rienu trauki\" srcset=\"https:\/\/dizzotravelmug.com\/wp-content\/uploads\/2024\/06\/10013-1024x576.jpg 1024w, https:\/\/dizzotravelmug.com\/wp-content\/uploads\/2024\/06\/10013-600x338.jpg 600w, https:\/\/dizzotravelmug.com\/wp-content\/uploads\/2024\/06\/10013-300x169.jpg 300w, https:\/\/dizzotravelmug.com\/wp-content\/uploads\/2024\/06\/10013-768x432.jpg 768w, https:\/\/dizzotravelmug.com\/wp-content\/uploads\/2024\/06\/10013-1536x864.jpg 1536w, https:\/\/dizzotravelmug.com\/wp-content\/uploads\/2024\/06\/10013.jpg 1621w\" sizes=\"(max-width: 1024px) 100vw, 1024px\" \/>\t\t\t\t\t\t\t\t\t\t\t\t\t\t\t<\/div>\n\t\t\t\t<\/div>\n\t\t\t\t<div class=\"elementor-element elementor-element-56749ac elementor-widget elementor-widget-image\" data-id=\"56749ac\" data-element_type=\"widget\" data-settings=\"{&quot;ekit_we_effect_on&quot;:&quot;none&quot;}\" data-widget_type=\"image.default\">\n\t\t\t\t<div class=\"elementor-widget-container\">\n\t\t\t\t\t\t\t\t\t\t\t\t\t\t\t<img loading=\"lazy\" decoding=\"async\" width=\"1024\" height=\"768\" src=\"https:\/\/dizzotravelmug.com\/wp-content\/uploads\/2024\/06\/10011-1024x768.jpg\" class=\"attachment-large size-large wp-image-221\" alt=\"ce\u013cojumu kr\u016bze dz\u0113rienu trauki\" srcset=\"https:\/\/dizzotravelmug.com\/wp-content\/uploads\/2024\/06\/10011-1024x768.jpg 1024w, https:\/\/dizzotravelmug.com\/wp-content\/uploads\/2024\/06\/10011-600x450.jpg 600w, https:\/\/dizzotravelmug.com\/wp-content\/uploads\/2024\/06\/10011-300x225.jpg 300w, https:\/\/dizzotravelmug.com\/wp-content\/uploads\/2024\/06\/10011-768x576.jpg 768w, https:\/\/dizzotravelmug.com\/wp-content\/uploads\/2024\/06\/10011-1536x1152.jpg 1536w, https:\/\/dizzotravelmug.com\/wp-content\/uploads\/2024\/06\/10011.jpg 1706w\" sizes=\"(max-width: 1024px) 100vw, 1024px\" \/>\t\t\t\t\t\t\t\t\t\t\t\t\t\t\t<\/div>\n\t\t\t\t<\/div>\n\t\t\t\t<div class=\"elementor-element elementor-element-136f614 elementor-widget elementor-widget-image\" data-id=\"136f614\" data-element_type=\"widget\" data-settings=\"{&quot;ekit_we_effect_on&quot;:&quot;none&quot;}\" data-widget_type=\"image.default\">\n\t\t\t\t<div class=\"elementor-widget-container\">\n\t\t\t\t\t\t\t\t\t\t\t\t\t\t\t<img loading=\"lazy\" decoding=\"async\" width=\"1024\" height=\"576\" src=\"https:\/\/dizzotravelmug.com\/wp-content\/uploads\/2024\/06\/10012-1024x576.jpg\" class=\"attachment-large size-large wp-image-222\" alt=\"ce\u013cojumu kr\u016bze dz\u0113rienu trauki\" srcset=\"https:\/\/dizzotravelmug.com\/wp-content\/uploads\/2024\/06\/10012-1024x576.jpg 1024w, https:\/\/dizzotravelmug.com\/wp-content\/uploads\/2024\/06\/10012-600x338.jpg 600w, https:\/\/dizzotravelmug.com\/wp-content\/uploads\/2024\/06\/10012-300x169.jpg 300w, https:\/\/dizzotravelmug.com\/wp-content\/uploads\/2024\/06\/10012-768x432.jpg 768w, https:\/\/dizzotravelmug.com\/wp-content\/uploads\/2024\/06\/10012-1536x864.jpg 1536w, https:\/\/dizzotravelmug.com\/wp-content\/uploads\/2024\/06\/10012.jpg 1639w\" sizes=\"(max-width: 1024px) 100vw, 1024px\" \/>\t\t\t\t\t\t\t\t\t\t\t\t\t\t\t<\/div>\n\t\t\t\t<\/div>\n\t\t\t\t\t<\/div>\n\t\t\t\t<\/div>\n\t\t<div class=\"elementor-element elementor-element-dd45eb7 e-grid e-con-boxed e-con e-parent\" data-id=\"dd45eb7\" data-element_type=\"container\" data-settings=\"{&quot;ekit_has_onepagescroll_dot&quot;:&quot;yes&quot;}\">\n\t\t\t\t\t<div class=\"e-con-inner\">\n\t\t\t\t<div class=\"elementor-element elementor-element-8e7da1d elementor-widget elementor-widget-image\" data-id=\"8e7da1d\" data-element_type=\"widget\" data-settings=\"{&quot;ekit_we_effect_on&quot;:&quot;none&quot;}\" data-widget_type=\"image.default\">\n\t\t\t\t<div class=\"elementor-widget-container\">\n\t\t\t\t\t\t\t\t\t\t\t\t\t\t\t<img loading=\"lazy\" decoding=\"async\" width=\"1024\" height=\"576\" src=\"https:\/\/dizzotravelmug.com\/wp-content\/uploads\/2024\/06\/10008-1024x576.webp\" class=\"attachment-large size-large wp-image-218\" alt=\"\" srcset=\"https:\/\/dizzotravelmug.com\/wp-content\/uploads\/2024\/06\/10008-1024x576.webp 1024w, https:\/\/dizzotravelmug.com\/wp-content\/uploads\/2024\/06\/10008-600x338.webp 600w, https:\/\/dizzotravelmug.com\/wp-content\/uploads\/2024\/06\/10008-300x169.webp 300w, https:\/\/dizzotravelmug.com\/wp-content\/uploads\/2024\/06\/10008-768x432.webp 768w, https:\/\/dizzotravelmug.com\/wp-content\/uploads\/2024\/06\/10008-1536x864.webp 1536w, https:\/\/dizzotravelmug.com\/wp-content\/uploads\/2024\/06\/10008.webp 1920w\" sizes=\"(max-width: 1024px) 100vw, 1024px\" \/>\t\t\t\t\t\t\t\t\t\t\t\t\t\t\t<\/div>\n\t\t\t\t<\/div>\n\t\t\t\t<div class=\"elementor-element elementor-element-8cc4665 elementor-widget elementor-widget-image\" data-id=\"8cc4665\" data-element_type=\"widget\" data-settings=\"{&quot;ekit_we_effect_on&quot;:&quot;none&quot;}\" data-widget_type=\"image.default\">\n\t\t\t\t<div class=\"elementor-widget-container\">\n\t\t\t\t\t\t\t\t\t\t\t\t\t\t\t<img loading=\"lazy\" decoding=\"async\" width=\"1024\" height=\"768\" src=\"https:\/\/dizzotravelmug.com\/wp-content\/uploads\/2024\/06\/10007-1024x768.jpg\" class=\"attachment-large size-large wp-image-217\" alt=\"ce\u013cojumu kr\u016bze dz\u0113rienu trauki\" srcset=\"https:\/\/dizzotravelmug.com\/wp-content\/uploads\/2024\/06\/10007-1024x768.jpg 1024w, https:\/\/dizzotravelmug.com\/wp-content\/uploads\/2024\/06\/10007-600x450.jpg 600w, https:\/\/dizzotravelmug.com\/wp-content\/uploads\/2024\/06\/10007-300x225.jpg 300w, https:\/\/dizzotravelmug.com\/wp-content\/uploads\/2024\/06\/10007-768x576.jpg 768w, https:\/\/dizzotravelmug.com\/wp-content\/uploads\/2024\/06\/10007-1536x1152.jpg 1536w, https:\/\/dizzotravelmug.com\/wp-content\/uploads\/2024\/06\/10007.jpg 1702w\" sizes=\"(max-width: 1024px) 100vw, 1024px\" \/>\t\t\t\t\t\t\t\t\t\t\t\t\t\t\t<\/div>\n\t\t\t\t<\/div>\n\t\t\t\t<div class=\"elementor-element elementor-element-35a722b elementor-widget elementor-widget-image\" data-id=\"35a722b\" data-element_type=\"widget\" data-settings=\"{&quot;ekit_we_effect_on&quot;:&quot;none&quot;}\" data-widget_type=\"image.default\">\n\t\t\t\t<div class=\"elementor-widget-container\">\n\t\t\t\t\t\t\t\t\t\t\t\t\t\t\t<img loading=\"lazy\" decoding=\"async\" width=\"1024\" height=\"576\" src=\"https:\/\/dizzotravelmug.com\/wp-content\/uploads\/2024\/06\/10009-1024x576.jpg\" class=\"attachment-large size-large wp-image-219\" alt=\"ce\u013cojumu kr\u016bze dz\u0113rienu trauki\" srcset=\"https:\/\/dizzotravelmug.com\/wp-content\/uploads\/2024\/06\/10009-1024x576.jpg 1024w, https:\/\/dizzotravelmug.com\/wp-content\/uploads\/2024\/06\/10009-600x338.jpg 600w, https:\/\/dizzotravelmug.com\/wp-content\/uploads\/2024\/06\/10009-300x169.jpg 300w, https:\/\/dizzotravelmug.com\/wp-content\/uploads\/2024\/06\/10009-768x432.jpg 768w, https:\/\/dizzotravelmug.com\/wp-content\/uploads\/2024\/06\/10009-1536x864.jpg 1536w, https:\/\/dizzotravelmug.com\/wp-content\/uploads\/2024\/06\/10009.jpg 1850w\" sizes=\"(max-width: 1024px) 100vw, 1024px\" \/>\t\t\t\t\t\t\t\t\t\t\t\t\t\t\t<\/div>\n\t\t\t\t<\/div>\n\t\t\t\t\t<\/div>\n\t\t\t\t<\/div>\n\t\t<div class=\"elementor-element elementor-element-7c22c9a e-flex e-con-boxed e-con e-parent\" data-id=\"7c22c9a\" data-element_type=\"container\" data-settings=\"{&quot;ekit_has_onepagescroll_dot&quot;:&quot;yes&quot;}\">\n\t\t\t\t\t<div class=\"e-con-inner\">\n\t\t\t\t<div class=\"elementor-element elementor-element-f7216d7 elementor-widget elementor-widget-heading\" data-id=\"f7216d7\" data-element_type=\"widget\" data-settings=\"{&quot;ekit_we_effect_on&quot;:&quot;none&quot;}\" data-widget_type=\"heading.default\">\n\t\t\t\t<div class=\"elementor-widget-container\">\n\t\t\t\t\t<h2 class=\"elementor-heading-title elementor-size-default\">Produkta piel\u0101go\u0161ana<\/h2>\t\t\t\t<\/div>\n\t\t\t\t<\/div>\n\t\t\t\t\t<\/div>\n\t\t\t\t<\/div>\n\t\t<div class=\"elementor-element elementor-element-a387553 e-flex e-con-boxed e-con e-parent\" data-id=\"a387553\" data-element_type=\"container\" data-settings=\"{&quot;ekit_has_onepagescroll_dot&quot;:&quot;yes&quot;}\">\n\t\t\t\t\t<div class=\"e-con-inner\">\n\t\t<div class=\"elementor-element elementor-element-02302db e-con-full e-flex e-con e-child\" data-id=\"02302db\" data-element_type=\"container\" data-settings=\"{&quot;ekit_has_onepagescroll_dot&quot;:&quot;yes&quot;}\">\n\t\t\t\t<div class=\"elementor-element elementor-element-662501b elementor-widget elementor-widget-text-editor\" data-id=\"662501b\" data-element_type=\"widget\" data-settings=\"{&quot;ekit_we_effect_on&quot;:&quot;none&quot;}\" data-widget_type=\"text-editor.default\">\n\t\t\t\t<div class=\"elementor-widget-container\">\n\t\t\t\t\t\t\t\t\t<h3><br><\/h3><h3><br><\/h3><h3><br><\/h3><h3>M\u016bsu ce\u013cojumu kr\u016bzes atbalsta kr\u0101su un logotipa piel\u0101go\u0161anu, nodro\u0161inot, ka j\u016bsu z\u012bmola identit\u0101te vai personiskais stils tiek atspogu\u013cots katr\u0101 deta\u013c\u0101. Izv\u0113lieties no dinamiska kr\u0101su spektra un \u013caujiet mums prec\u012bzi uzdruk\u0101t j\u016bsu logotipu, padarot j\u016bsu kr\u016bzi par j\u016bsu unik\u0101l\u0101s gar\u0161as atspogu\u013cojumu<\/h3>\t\t\t\t\t\t\t\t<\/div>\n\t\t\t\t<\/div>\n\t\t\t\t<\/div>\n\t\t<div class=\"elementor-element elementor-element-576b39e e-con-full e-flex e-con e-child\" data-id=\"576b39e\" data-element_type=\"container\" data-settings=\"{&quot;ekit_has_onepagescroll_dot&quot;:&quot;yes&quot;}\">\n\t\t\t\t<div class=\"elementor-element elementor-element-c190e01 elementor-widget elementor-widget-image\" data-id=\"c190e01\" data-element_type=\"widget\" data-settings=\"{&quot;ekit_we_effect_on&quot;:&quot;none&quot;}\" data-widget_type=\"image.default\">\n\t\t\t\t<div class=\"elementor-widget-container\">\n\t\t\t\t\t\t\t\t\t\t\t\t\t\t\t<img loading=\"lazy\" decoding=\"async\" width=\"1000\" height=\"1000\" src=\"https:\/\/dizzotravelmug.com\/wp-content\/uploads\/2024\/06\/\u5fae\u4fe1\u56fe\u7247_20240627141019.jpg\" class=\"attachment-large size-large wp-image-299\" alt=\"ce\u013cojumu kr\u016bze dz\u0113rienu trauki\" srcset=\"https:\/\/dizzotravelmug.com\/wp-content\/uploads\/2024\/06\/\u5fae\u4fe1\u56fe\u7247_20240627141019.jpg 1000w, https:\/\/dizzotravelmug.com\/wp-content\/uploads\/2024\/06\/\u5fae\u4fe1\u56fe\u7247_20240627141019-300x300.jpg 300w, https:\/\/dizzotravelmug.com\/wp-content\/uploads\/2024\/06\/\u5fae\u4fe1\u56fe\u7247_20240627141019-150x150.jpg 150w, https:\/\/dizzotravelmug.com\/wp-content\/uploads\/2024\/06\/\u5fae\u4fe1\u56fe\u7247_20240627141019-768x768.jpg 768w, https:\/\/dizzotravelmug.com\/wp-content\/uploads\/2024\/06\/\u5fae\u4fe1\u56fe\u7247_20240627141019-600x600.jpg 600w, https:\/\/dizzotravelmug.com\/wp-content\/uploads\/2024\/06\/\u5fae\u4fe1\u56fe\u7247_20240627141019-100x100.jpg 100w\" sizes=\"(max-width: 1000px) 100vw, 1000px\" \/>\t\t\t\t\t\t\t\t\t\t\t\t\t\t\t<\/div>\n\t\t\t\t<\/div>\n\t\t\t\t<\/div>\n\t\t\t\t\t<\/div>\n\t\t\t\t<\/div>\n\t\t\t\t<\/div>","protected":false},"excerpt":{"rendered":"<p>About Us \u00a0 \u00a0 DIZZO &#8211; Crafting Quality Since 2016 Established in 2016,DIZZO has been a dedicated manufacturer of a wide range of cups and mugs for the global market. Our commitment to quality, innovation, and customer satisfaction has made us a trusted partner in the international trade of beverage containers. Our Expertise Specializing in&#8230;<\/p>","protected":false},"author":1,"featured_media":137,"parent":0,"menu_order":2,"comment_status":"closed","ping_status":"closed","template":"","meta":{"_kad_post_transparent":"","_kad_post_title":"hide","_kad_post_layout":"fullwidth","_kad_post_sidebar_id":"","_kad_post_content_style":"unboxed","_kad_post_vertical_padding":"hide","_kad_post_feature":"hide","_kad_post_feature_position":"","_kad_post_header":false,"_kad_post_footer":false,"footnotes":""},"class_list":["post-15","page","type-page","status-publish","has-post-thumbnail","hentry"],"_links":{"self":[{"href":"https:\/\/dizzotravelmug.com\/lv\/wp-json\/wp\/v2\/pages\/15"}],"collection":[{"href":"https:\/\/dizzotravelmug.com\/lv\/wp-json\/wp\/v2\/pages"}],"about":[{"href":"https:\/\/dizzotravelmug.com\/lv\/wp-json\/wp\/v2\/types\/page"}],"author":[{"embeddable":true,"href":"https:\/\/dizzotravelmug.com\/lv\/wp-json\/wp\/v2\/users\/1"}],"replies":[{"embeddable":true,"href":"https:\/\/dizzotravelmug.com\/lv\/wp-json\/wp\/v2\/comments?post=15"}],"version-history":[{"count":0,"href":"https:\/\/dizzotravelmug.com\/lv\/wp-json\/wp\/v2\/pages\/15\/revisions"}],"wp:featuredmedia":[{"embeddable":true,"href":"https:\/\/dizzotravelmug.com\/lv\/wp-json\/wp\/v2\/media\/137"}],"wp:attachment":[{"href":"https:\/\/dizzotravelmug.com\/lv\/wp-json\/wp\/v2\/media?parent=15"}],"curies":[{"name":"wp","href":"https:\/\/api.w.org\/{rel}","templated":true}]}}