{"id":1581,"date":"2024-11-14T05:41:09","date_gmt":"2024-11-14T05:41:09","guid":{"rendered":"https:\/\/dizzotravelmug.com\/?page_id=1581"},"modified":"2024-11-14T06:17:43","modified_gmt":"2024-11-14T06:17:43","slug":"faq","status":"publish","type":"page","link":"https:\/\/dizzotravelmug.com\/lv\/faq\/","title":{"rendered":"FAQ"},"content":{"rendered":"<div data-elementor-type=\"wp-page\" data-elementor-id=\"1581\" class=\"elementor elementor-1581\" data-elementor-post-type=\"page\">\n\t\t\t\t<div class=\"elementor-element elementor-element-3dfd191 e-flex e-con-boxed e-con e-parent\" data-id=\"3dfd191\" data-element_type=\"container\" data-e-type=\"container\" data-settings=\"{&quot;ekit_has_onepagescroll_dot&quot;:&quot;yes&quot;}\">\n\t\t\t\t\t<div class=\"e-con-inner\">\n\t\t\t\t<div class=\"elementor-element elementor-element-c43c62b elementor-widget elementor-widget-heading\" data-id=\"c43c62b\" data-element_type=\"widget\" data-e-type=\"widget\" data-settings=\"{&quot;ekit_we_effect_on&quot;:&quot;none&quot;}\" data-widget_type=\"heading.default\">\n\t\t\t\t<div class=\"elementor-widget-container\">\n\t\t\t\t\t<h2 class=\"elementor-heading-title elementor-size-default\">Bie\u017ei uzdotie jaut\u0101jumi (FAQ)<\/h2>\t\t\t\t<\/div>\n\t\t\t\t<\/div>\n\t\t\t\t\t<\/div>\n\t\t\t\t<\/div>\n\t\t<div class=\"elementor-element elementor-element-cb18f78 e-flex e-con-boxed e-con e-parent\" data-id=\"cb18f78\" data-element_type=\"container\" data-e-type=\"container\" data-settings=\"{&quot;ekit_has_onepagescroll_dot&quot;:&quot;yes&quot;}\">\n\t\t\t\t\t<div class=\"e-con-inner\">\n\t\t\t\t<div class=\"elementor-element elementor-element-3fe254c elementor-widget elementor-widget-text-editor\" data-id=\"3fe254c\" data-element_type=\"widget\" data-e-type=\"widget\" data-settings=\"{&quot;ekit_we_effect_on&quot;:&quot;none&quot;}\" data-widget_type=\"text-editor.default\">\n\t\t\t\t<div class=\"elementor-widget-container\">\n\t\t\t\t\t\t\t\t\t<p><strong>J: No k\u0101da materi\u0101la ir izgatavota kauss?<\/strong><\/p><p>A: M\u016bsu kauss ir izgatavots no augstas kvalit\u0101tes ner\u016bs\u0113jo\u0161\u0101 t\u0113rauda, kas paz\u012bstams ar savu iztur\u012bbu un lieliskaj\u0101m izol\u0101cijas \u012bpa\u0161\u012bb\u0101m.<\/p><p><strong>J: Vai kr\u016bzes trauku mazg\u0101jam\u0101 ma\u0161\u012bna ir dro\u0161a?<\/strong><br \/>A: J\u0101, m\u016bsu kr\u016bze ir izstr\u0101d\u0101ta t\u0101, lai to var\u0113tu mazg\u0101t trauku mazg\u0101jamaj\u0101 ma\u0161\u012bn\u0101, lai j\u016bsu \u0113rt\u012bbai uztur\u0113tu t\u012br\u012bbu.<\/p><p><strong>J: Cik efekt\u012bva ir kr\u016bzes izol\u0101cija?<\/strong><br \/>A: M\u016bsu kr\u016bze izmanto vakuuma izol\u0101cijas tehnolo\u0123iju, lai j\u016bsu dz\u0113rieni vair\u0101kas stundas b\u016btu karsti vai auksti.<\/p><p><strong>J: Vai kr\u016bze ir necaurlaid\u012bga?<\/strong><br \/>A: Tas ir apr\u012bkots ar dro\u0161u nopl\u016bdes v\u0101ku, kas nodro\u0161ina, ka nav iz\u0161\u013cakst\u012bjies, kad esat ce\u013c\u0101.<\/p><p><strong>J: Vai kr\u016bzei ir pieejamas vair\u0101kas kr\u0101su iesp\u0113jas?<\/strong><br \/>A: M\u0113s pied\u0101v\u0101jam da\u017e\u0101das kr\u0101su izv\u0113les iesp\u0113jas, tostarp melnu, sudrabu, zilu un roz\u0101, lai apmierin\u0101tu da\u017e\u0101das lietot\u0101ju v\u0113lmes.<\/p><p><strong>J: Vai kr\u016bze ir piem\u0113rota gan karstiem, gan aukstiem dz\u0113rieniem?<\/strong><\/p><p>A: J\u0101, m\u016bsu kr\u016bze ir piem\u0113rota gan karstiem, gan aukstiem dz\u0113rieniem, nodro\u0161inot lielisku izol\u0101ciju abiem.<\/p>\t\t\t\t\t\t\t\t<\/div>\n\t\t\t\t<\/div>\n\t\t\t\t\t<\/div>\n\t\t\t\t<\/div>\n\t\t\t\t<\/div>","protected":false},"excerpt":{"rendered":"<p>Frequently Asked Questions (FAQ) Q: What material is the cup made of? A: Our cup is crafted from high-quality stainless steel, known for its durability and excellent insulation properties. Q: Is the mug dishwasher safe?A: Yes, our mug is designed to be dishwasher safe for your convenience in maintaining cleanliness. Q: How effective is the&#8230;<\/p>","protected":false},"author":1,"featured_media":0,"parent":0,"menu_order":0,"comment_status":"closed","ping_status":"closed","template":"","meta":{"_kad_post_transparent":"","_kad_post_title":"hide","_kad_post_layout":"fullwidth","_kad_post_sidebar_id":"","_kad_post_content_style":"unboxed","_kad_post_vertical_padding":"hide","_kad_post_feature":"hide","_kad_post_feature_position":"","_kad_post_header":false,"_kad_post_footer":false,"footnotes":""},"class_list":["post-1581","page","type-page","status-publish","hentry"],"_links":{"self":[{"href":"https:\/\/dizzotravelmug.com\/lv\/wp-json\/wp\/v2\/pages\/1581"}],"collection":[{"href":"https:\/\/dizzotravelmug.com\/lv\/wp-json\/wp\/v2\/pages"}],"about":[{"href":"https:\/\/dizzotravelmug.com\/lv\/wp-json\/wp\/v2\/types\/page"}],"author":[{"embeddable":true,"href":"https:\/\/dizzotravelmug.com\/lv\/wp-json\/wp\/v2\/users\/1"}],"replies":[{"embeddable":true,"href":"https:\/\/dizzotravelmug.com\/lv\/wp-json\/wp\/v2\/comments?post=1581"}],"version-history":[{"count":0,"href":"https:\/\/dizzotravelmug.com\/lv\/wp-json\/wp\/v2\/pages\/1581\/revisions"}],"wp:attachment":[{"href":"https:\/\/dizzotravelmug.com\/lv\/wp-json\/wp\/v2\/media?parent=1581"}],"curies":[{"name":"wp","href":"https:\/\/api.w.org\/{rel}","templated":true}]}}