{"id":15,"date":"2024-06-25T08:58:26","date_gmt":"2024-06-25T08:58:26","guid":{"rendered":"https:\/\/dizzotravelmug.com\/?page_id=15"},"modified":"2024-11-15T07:15:56","modified_gmt":"2024-11-15T07:15:56","slug":"a-dedicated-manufacturer-of-premium-cups","status":"publish","type":"page","link":"https:\/\/dizzotravelmug.com\/sk\/specializovany-vyrobca-premiovych-poharov\/","title":{"rendered":"O N\u00c1S"},"content":{"rendered":"<div data-elementor-type=\"wp-page\" data-elementor-id=\"15\" class=\"elementor elementor-15\" data-elementor-post-type=\"page\">\n\t\t\t\t<div class=\"elementor-element elementor-element-f8b820f e-flex e-con-boxed e-con e-parent\" data-id=\"f8b820f\" data-element_type=\"container\" data-settings=\"{&quot;ekit_has_onepagescroll_dot&quot;:&quot;yes&quot;}\">\n\t\t\t\t\t<div class=\"e-con-inner\">\n\t\t\t\t<div class=\"elementor-element elementor-element-3b44ee6 elementor-widget elementor-widget-heading\" data-id=\"3b44ee6\" data-element_type=\"widget\" data-settings=\"{&quot;ekit_we_effect_on&quot;:&quot;none&quot;}\" data-widget_type=\"heading.default\">\n\t\t\t\t<div class=\"elementor-widget-container\">\n\t\t\t\t\t<h2 class=\"elementor-heading-title elementor-size-default\">O n\u00e1s<\/h2>\t\t\t\t<\/div>\n\t\t\t\t<\/div>\n\t\t\t\t\t<\/div>\n\t\t\t\t<\/div>\n\t\t<div class=\"elementor-element elementor-element-46f0a5a e-flex e-con-boxed e-con e-parent\" data-id=\"46f0a5a\" data-element_type=\"container\" data-settings=\"{&quot;ekit_has_onepagescroll_dot&quot;:&quot;yes&quot;}\">\n\t\t\t\t\t<div class=\"e-con-inner\">\n\t\t<div class=\"elementor-element elementor-element-3dc9b37 e-con-full e-flex e-con e-child\" data-id=\"3dc9b37\" data-element_type=\"container\" data-settings=\"{&quot;ekit_has_onepagescroll_dot&quot;:&quot;yes&quot;}\">\n\t\t\t\t<div class=\"elementor-element elementor-element-ec785a0 elementor-widget elementor-widget-text-editor\" data-id=\"ec785a0\" data-element_type=\"widget\" data-settings=\"{&quot;ekit_we_effect_on&quot;:&quot;none&quot;}\" data-widget_type=\"text-editor.default\">\n\t\t\t\t<div class=\"elementor-widget-container\">\n\t\t\t\t\t\t\t\t\t<p>\u00a0<\/p><p>\u00a0<\/p><p><strong>DIZZO \u2013 remeseln\u00e1 kvalita od roku 2016<\/strong><\/p><p>Spolo\u010dnos\u0165 DIZZO bola zalo\u017een\u00e1 v roku 2016 a je \u0161pecializovan\u00fdm v\u00fdrobcom \u0161irokej \u0161k\u00e1ly \u0161\u00e1lok a hrn\u010dekov pre svetov\u00fd trh. N\u00e1\u0161 z\u00e1v\u00e4zok ku kvalite, inov\u00e1ci\u00e1m a spokojnosti z\u00e1kazn\u00edkov z n\u00e1s urobil d\u00f4veryhodn\u00e9ho partnera v medzin\u00e1rodnom obchode s n\u00e1pojov\u00fdmi obalmi.<\/p><p><strong>Na\u0161a odbornos\u0165<\/strong><\/p><p>\u0160pecializujeme sa na v\u00fdrobu r\u00f4znych typov poh\u00e1rov, vr\u00e1tane skla, keramiky, nehrdzavej\u00facej ocele a plastu, uspokojujeme r\u00f4zne po\u017eiadavky s mo\u017enos\u0165ami prisp\u00f4sobenia, aby sme splnili jedine\u010dn\u00e9 preferencie na\u0161ich klientov na celom svete. Na\u0161e najmodernej\u0161ie zariadenia a pr\u00edsna kontrola kvality zais\u0165uj\u00fa, \u017ee ka\u017ed\u00fd v\u00fdrobok op\u00fa\u0161\u0165aj\u00faci na\u0161u tov\u00e1re\u0148 je d\u00f4kazom na\u0161ej oddanosti k dokonalosti.<\/p><p><strong>Glob\u00e1lny dosah<\/strong><\/p><p>V\u010faka robustnej exportnej sieti spolo\u010dnos\u0165 DIZZO \u00faspe\u0161ne dod\u00e1vala na\u0161e produkty do mnoh\u00fdch kraj\u00edn, \u010d\u00edm si z\u00edskala poves\u0165 spo\u013eahlivosti a v\u010dasn\u00e9ho dodania. Sme hrd\u00ed na to, \u017ee rozumieme a prisp\u00f4sobujeme sa \u0161pecifick\u00fdm potreb\u00e1m r\u00f4znych trhov a poskytujeme rie\u0161enia na mieru pre na\u0161u medzin\u00e1rodn\u00fa klientelu.<\/p><p><strong>Pripojte sa k na\u0161ej ceste<\/strong><\/p><p>Ke\u010f\u017ee neust\u00e1le roz\u0161irujeme na\u0161e obzory, poz\u00fdvame v\u00e1s, aby ste sa stali s\u00fa\u010das\u0165ou n\u00e1\u0161ho pr\u00edbehu rastu. Spolupracujme na vytv\u00e1ran\u00ed udr\u017eate\u013en\u00fdch a \u0161t\u00fdlov\u00fdch produktov, ktor\u00e9 zlep\u0161uj\u00fa ka\u017edodenn\u00fd \u017eivot spotrebite\u013eov na celom svete.<\/p><p>Ak m\u00e1te ot\u00e1zky alebo chcete za\u010da\u0165 partnerstvo, kontaktujte n\u00e1s.<\/p>\t\t\t\t\t\t\t\t<\/div>\n\t\t\t\t<\/div>\n\t\t\t\t<div class=\"elementor-element elementor-element-8b9e83c elementor-align-center elementor-widget elementor-widget-button\" data-id=\"8b9e83c\" data-element_type=\"widget\" data-settings=\"{&quot;ekit_we_effect_on&quot;:&quot;none&quot;}\" data-widget_type=\"button.default\">\n\t\t\t\t<div class=\"elementor-widget-container\">\n\t\t\t\t\t\t\t\t\t<div class=\"elementor-button-wrapper\">\n\t\t\t\t\t<a class=\"elementor-button elementor-button-link elementor-size-sm\" href=\"https:\/\/dizzotravelmug.com\/sk\/kontaktuj-nas\/\" target=\"_blank\">\n\t\t\t\t\t\t<span class=\"elementor-button-content-wrapper\">\n\t\t\t\t\t\t\t\t\t<span class=\"elementor-button-text\">Kliknite tu<\/span>\n\t\t\t\t\t<\/span>\n\t\t\t\t\t<\/a>\n\t\t\t\t<\/div>\n\t\t\t\t\t\t\t\t<\/div>\n\t\t\t\t<\/div>\n\t\t\t\t<\/div>\n\t\t<div class=\"elementor-element elementor-element-5200de5 e-con-full e-flex e-con e-child\" data-id=\"5200de5\" data-element_type=\"container\" data-settings=\"{&quot;ekit_has_onepagescroll_dot&quot;:&quot;yes&quot;}\">\n\t\t\t\t<div class=\"elementor-element elementor-element-b214180 elementor-widget elementor-widget-image\" data-id=\"b214180\" data-element_type=\"widget\" data-settings=\"{&quot;ekit_we_effect_on&quot;:&quot;none&quot;}\" data-widget_type=\"image.default\">\n\t\t\t\t<div class=\"elementor-widget-container\">\n\t\t\t\t\t\t\t\t\t\t\t\t\t\t\t<img fetchpriority=\"high\" decoding=\"async\" width=\"1024\" height=\"768\" src=\"https:\/\/dizzotravelmug.com\/wp-content\/uploads\/2024\/06\/10001-3-1024x768.jpg\" class=\"attachment-large size-large wp-image-149\" alt=\"\" srcset=\"https:\/\/dizzotravelmug.com\/wp-content\/uploads\/2024\/06\/10001-3-1024x768.jpg 1024w, https:\/\/dizzotravelmug.com\/wp-content\/uploads\/2024\/06\/10001-3-600x450.jpg 600w, https:\/\/dizzotravelmug.com\/wp-content\/uploads\/2024\/06\/10001-3-300x225.jpg 300w, https:\/\/dizzotravelmug.com\/wp-content\/uploads\/2024\/06\/10001-3-768x576.jpg 768w, https:\/\/dizzotravelmug.com\/wp-content\/uploads\/2024\/06\/10001-3-1536x1152.jpg 1536w, https:\/\/dizzotravelmug.com\/wp-content\/uploads\/2024\/06\/10001-3.jpg 1702w\" sizes=\"(max-width: 1024px) 100vw, 1024px\" \/>\t\t\t\t\t\t\t\t\t\t\t\t\t\t\t<\/div>\n\t\t\t\t<\/div>\n\t\t\t\t<div class=\"elementor-element elementor-element-c180a01 elementor-widget elementor-widget-image\" data-id=\"c180a01\" data-element_type=\"widget\" data-settings=\"{&quot;ekit_we_effect_on&quot;:&quot;none&quot;}\" data-widget_type=\"image.default\">\n\t\t\t\t<div class=\"elementor-widget-container\">\n\t\t\t\t\t\t\t\t\t\t\t\t\t\t\t<img decoding=\"async\" width=\"1024\" height=\"768\" src=\"https:\/\/dizzotravelmug.com\/wp-content\/uploads\/2024\/06\/10002-1024x768.jpg\" class=\"attachment-large size-large wp-image-150\" alt=\"cestovn\u00fd hrn\u010dek na n\u00e1poje\" srcset=\"https:\/\/dizzotravelmug.com\/wp-content\/uploads\/2024\/06\/10002-1024x768.jpg 1024w, https:\/\/dizzotravelmug.com\/wp-content\/uploads\/2024\/06\/10002-600x450.jpg 600w, https:\/\/dizzotravelmug.com\/wp-content\/uploads\/2024\/06\/10002-300x225.jpg 300w, https:\/\/dizzotravelmug.com\/wp-content\/uploads\/2024\/06\/10002-768x576.jpg 768w, https:\/\/dizzotravelmug.com\/wp-content\/uploads\/2024\/06\/10002-1536x1152.jpg 1536w, https:\/\/dizzotravelmug.com\/wp-content\/uploads\/2024\/06\/10002.jpg 1702w\" sizes=\"(max-width: 1024px) 100vw, 1024px\" \/>\t\t\t\t\t\t\t\t\t\t\t\t\t\t\t<\/div>\n\t\t\t\t<\/div>\n\t\t\t\t<div class=\"elementor-element elementor-element-8a7763e elementor-widget elementor-widget-image\" data-id=\"8a7763e\" data-element_type=\"widget\" data-settings=\"{&quot;ekit_we_effect_on&quot;:&quot;none&quot;}\" data-widget_type=\"image.default\">\n\t\t\t\t<div class=\"elementor-widget-container\">\n\t\t\t\t\t\t\t\t\t\t\t\t\t\t\t<img decoding=\"async\" width=\"768\" height=\"1365\" src=\"https:\/\/dizzotravelmug.com\/wp-content\/uploads\/2024\/11\/\u5fae\u4fe1\u56fe\u7247_20241115145851-768x1365.jpg\" class=\"attachment-medium_large size-medium_large wp-image-1656\" alt=\"cup\" srcset=\"https:\/\/dizzotravelmug.com\/wp-content\/uploads\/2024\/11\/\u5fae\u4fe1\u56fe\u7247_20241115145851-768x1365.jpg 768w, https:\/\/dizzotravelmug.com\/wp-content\/uploads\/2024\/11\/\u5fae\u4fe1\u56fe\u7247_20241115145851-169x300.jpg 169w, https:\/\/dizzotravelmug.com\/wp-content\/uploads\/2024\/11\/\u5fae\u4fe1\u56fe\u7247_20241115145851-576x1024.jpg 576w, https:\/\/dizzotravelmug.com\/wp-content\/uploads\/2024\/11\/\u5fae\u4fe1\u56fe\u7247_20241115145851-864x1536.jpg 864w, https:\/\/dizzotravelmug.com\/wp-content\/uploads\/2024\/11\/\u5fae\u4fe1\u56fe\u7247_20241115145851-7x12.jpg 7w, https:\/\/dizzotravelmug.com\/wp-content\/uploads\/2024\/11\/\u5fae\u4fe1\u56fe\u7247_20241115145851.jpg 916w\" sizes=\"(max-width: 768px) 100vw, 768px\" \/>\t\t\t\t\t\t\t\t\t\t\t\t\t\t\t<\/div>\n\t\t\t\t<\/div>\n\t\t\t\t<\/div>\n\t\t\t\t\t<\/div>\n\t\t\t\t<\/div>\n\t\t<div class=\"elementor-element elementor-element-f036e5c e-flex e-con-boxed e-con e-parent\" data-id=\"f036e5c\" data-element_type=\"container\" data-settings=\"{&quot;ekit_has_onepagescroll_dot&quot;:&quot;yes&quot;}\">\n\t\t\t\t\t<div class=\"e-con-inner\">\n\t\t\t\t<div class=\"elementor-element elementor-element-ca4e230 elementor-widget elementor-widget-heading\" data-id=\"ca4e230\" data-element_type=\"widget\" data-settings=\"{&quot;ekit_we_effect_on&quot;:&quot;none&quot;}\" data-widget_type=\"heading.default\">\n\t\t\t\t<div class=\"elementor-widget-container\">\n\t\t\t\t\t<h2 class=\"elementor-heading-title elementor-size-default\">PREH\u013dAD NA\u0160EJ TOV\u00c1RNE<\/h2>\t\t\t\t<\/div>\n\t\t\t\t<\/div>\n\t\t\t\t\t<\/div>\n\t\t\t\t<\/div>\n\t\t<div class=\"elementor-element elementor-element-5900340 e-grid e-con-boxed e-con e-parent\" data-id=\"5900340\" data-element_type=\"container\" data-settings=\"{&quot;ekit_has_onepagescroll_dot&quot;:&quot;yes&quot;}\">\n\t\t\t\t\t<div class=\"e-con-inner\">\n\t\t\t\t<div class=\"elementor-element elementor-element-95ec2ae elementor-widget elementor-widget-image\" data-id=\"95ec2ae\" data-element_type=\"widget\" data-settings=\"{&quot;ekit_we_effect_on&quot;:&quot;none&quot;}\" data-widget_type=\"image.default\">\n\t\t\t\t<div class=\"elementor-widget-container\">\n\t\t\t\t\t\t\t\t\t\t\t\t\t\t\t<img loading=\"lazy\" decoding=\"async\" width=\"1024\" height=\"576\" src=\"https:\/\/dizzotravelmug.com\/wp-content\/uploads\/2024\/06\/10013-1024x576.jpg\" class=\"attachment-large size-large wp-image-223\" alt=\"cestovn\u00fd hrn\u010dek na n\u00e1poje\" srcset=\"https:\/\/dizzotravelmug.com\/wp-content\/uploads\/2024\/06\/10013-1024x576.jpg 1024w, https:\/\/dizzotravelmug.com\/wp-content\/uploads\/2024\/06\/10013-600x338.jpg 600w, https:\/\/dizzotravelmug.com\/wp-content\/uploads\/2024\/06\/10013-300x169.jpg 300w, https:\/\/dizzotravelmug.com\/wp-content\/uploads\/2024\/06\/10013-768x432.jpg 768w, https:\/\/dizzotravelmug.com\/wp-content\/uploads\/2024\/06\/10013-1536x864.jpg 1536w, https:\/\/dizzotravelmug.com\/wp-content\/uploads\/2024\/06\/10013.jpg 1621w\" sizes=\"(max-width: 1024px) 100vw, 1024px\" \/>\t\t\t\t\t\t\t\t\t\t\t\t\t\t\t<\/div>\n\t\t\t\t<\/div>\n\t\t\t\t<div class=\"elementor-element elementor-element-56749ac elementor-widget elementor-widget-image\" data-id=\"56749ac\" data-element_type=\"widget\" data-settings=\"{&quot;ekit_we_effect_on&quot;:&quot;none&quot;}\" data-widget_type=\"image.default\">\n\t\t\t\t<div class=\"elementor-widget-container\">\n\t\t\t\t\t\t\t\t\t\t\t\t\t\t\t<img loading=\"lazy\" decoding=\"async\" width=\"1024\" height=\"768\" src=\"https:\/\/dizzotravelmug.com\/wp-content\/uploads\/2024\/06\/10011-1024x768.jpg\" class=\"attachment-large size-large wp-image-221\" alt=\"cestovn\u00fd hrn\u010dek na n\u00e1poje\" srcset=\"https:\/\/dizzotravelmug.com\/wp-content\/uploads\/2024\/06\/10011-1024x768.jpg 1024w, https:\/\/dizzotravelmug.com\/wp-content\/uploads\/2024\/06\/10011-600x450.jpg 600w, https:\/\/dizzotravelmug.com\/wp-content\/uploads\/2024\/06\/10011-300x225.jpg 300w, https:\/\/dizzotravelmug.com\/wp-content\/uploads\/2024\/06\/10011-768x576.jpg 768w, https:\/\/dizzotravelmug.com\/wp-content\/uploads\/2024\/06\/10011-1536x1152.jpg 1536w, https:\/\/dizzotravelmug.com\/wp-content\/uploads\/2024\/06\/10011.jpg 1706w\" sizes=\"(max-width: 1024px) 100vw, 1024px\" \/>\t\t\t\t\t\t\t\t\t\t\t\t\t\t\t<\/div>\n\t\t\t\t<\/div>\n\t\t\t\t<div class=\"elementor-element elementor-element-136f614 elementor-widget elementor-widget-image\" data-id=\"136f614\" data-element_type=\"widget\" data-settings=\"{&quot;ekit_we_effect_on&quot;:&quot;none&quot;}\" data-widget_type=\"image.default\">\n\t\t\t\t<div class=\"elementor-widget-container\">\n\t\t\t\t\t\t\t\t\t\t\t\t\t\t\t<img loading=\"lazy\" decoding=\"async\" width=\"1024\" height=\"576\" src=\"https:\/\/dizzotravelmug.com\/wp-content\/uploads\/2024\/06\/10012-1024x576.jpg\" class=\"attachment-large size-large wp-image-222\" alt=\"cestovn\u00fd hrn\u010dek na n\u00e1poje\" srcset=\"https:\/\/dizzotravelmug.com\/wp-content\/uploads\/2024\/06\/10012-1024x576.jpg 1024w, https:\/\/dizzotravelmug.com\/wp-content\/uploads\/2024\/06\/10012-600x338.jpg 600w, https:\/\/dizzotravelmug.com\/wp-content\/uploads\/2024\/06\/10012-300x169.jpg 300w, https:\/\/dizzotravelmug.com\/wp-content\/uploads\/2024\/06\/10012-768x432.jpg 768w, https:\/\/dizzotravelmug.com\/wp-content\/uploads\/2024\/06\/10012-1536x864.jpg 1536w, https:\/\/dizzotravelmug.com\/wp-content\/uploads\/2024\/06\/10012.jpg 1639w\" sizes=\"(max-width: 1024px) 100vw, 1024px\" \/>\t\t\t\t\t\t\t\t\t\t\t\t\t\t\t<\/div>\n\t\t\t\t<\/div>\n\t\t\t\t\t<\/div>\n\t\t\t\t<\/div>\n\t\t<div class=\"elementor-element elementor-element-dd45eb7 e-grid e-con-boxed e-con e-parent\" data-id=\"dd45eb7\" data-element_type=\"container\" data-settings=\"{&quot;ekit_has_onepagescroll_dot&quot;:&quot;yes&quot;}\">\n\t\t\t\t\t<div class=\"e-con-inner\">\n\t\t\t\t<div class=\"elementor-element elementor-element-8e7da1d elementor-widget elementor-widget-image\" data-id=\"8e7da1d\" data-element_type=\"widget\" data-settings=\"{&quot;ekit_we_effect_on&quot;:&quot;none&quot;}\" data-widget_type=\"image.default\">\n\t\t\t\t<div class=\"elementor-widget-container\">\n\t\t\t\t\t\t\t\t\t\t\t\t\t\t\t<img loading=\"lazy\" decoding=\"async\" width=\"1024\" height=\"576\" src=\"https:\/\/dizzotravelmug.com\/wp-content\/uploads\/2024\/06\/10008-1024x576.webp\" class=\"attachment-large size-large wp-image-218\" alt=\"\" srcset=\"https:\/\/dizzotravelmug.com\/wp-content\/uploads\/2024\/06\/10008-1024x576.webp 1024w, https:\/\/dizzotravelmug.com\/wp-content\/uploads\/2024\/06\/10008-600x338.webp 600w, https:\/\/dizzotravelmug.com\/wp-content\/uploads\/2024\/06\/10008-300x169.webp 300w, https:\/\/dizzotravelmug.com\/wp-content\/uploads\/2024\/06\/10008-768x432.webp 768w, https:\/\/dizzotravelmug.com\/wp-content\/uploads\/2024\/06\/10008-1536x864.webp 1536w, https:\/\/dizzotravelmug.com\/wp-content\/uploads\/2024\/06\/10008.webp 1920w\" sizes=\"(max-width: 1024px) 100vw, 1024px\" \/>\t\t\t\t\t\t\t\t\t\t\t\t\t\t\t<\/div>\n\t\t\t\t<\/div>\n\t\t\t\t<div class=\"elementor-element elementor-element-8cc4665 elementor-widget elementor-widget-image\" data-id=\"8cc4665\" data-element_type=\"widget\" data-settings=\"{&quot;ekit_we_effect_on&quot;:&quot;none&quot;}\" data-widget_type=\"image.default\">\n\t\t\t\t<div class=\"elementor-widget-container\">\n\t\t\t\t\t\t\t\t\t\t\t\t\t\t\t<img loading=\"lazy\" decoding=\"async\" width=\"1024\" height=\"768\" src=\"https:\/\/dizzotravelmug.com\/wp-content\/uploads\/2024\/06\/10007-1024x768.jpg\" class=\"attachment-large size-large wp-image-217\" alt=\"cestovn\u00fd hrn\u010dek na n\u00e1poje\" srcset=\"https:\/\/dizzotravelmug.com\/wp-content\/uploads\/2024\/06\/10007-1024x768.jpg 1024w, https:\/\/dizzotravelmug.com\/wp-content\/uploads\/2024\/06\/10007-600x450.jpg 600w, https:\/\/dizzotravelmug.com\/wp-content\/uploads\/2024\/06\/10007-300x225.jpg 300w, https:\/\/dizzotravelmug.com\/wp-content\/uploads\/2024\/06\/10007-768x576.jpg 768w, https:\/\/dizzotravelmug.com\/wp-content\/uploads\/2024\/06\/10007-1536x1152.jpg 1536w, https:\/\/dizzotravelmug.com\/wp-content\/uploads\/2024\/06\/10007.jpg 1702w\" sizes=\"(max-width: 1024px) 100vw, 1024px\" \/>\t\t\t\t\t\t\t\t\t\t\t\t\t\t\t<\/div>\n\t\t\t\t<\/div>\n\t\t\t\t<div class=\"elementor-element elementor-element-35a722b elementor-widget elementor-widget-image\" data-id=\"35a722b\" data-element_type=\"widget\" data-settings=\"{&quot;ekit_we_effect_on&quot;:&quot;none&quot;}\" data-widget_type=\"image.default\">\n\t\t\t\t<div class=\"elementor-widget-container\">\n\t\t\t\t\t\t\t\t\t\t\t\t\t\t\t<img loading=\"lazy\" decoding=\"async\" width=\"1024\" height=\"576\" src=\"https:\/\/dizzotravelmug.com\/wp-content\/uploads\/2024\/06\/10009-1024x576.jpg\" class=\"attachment-large size-large wp-image-219\" alt=\"cestovn\u00fd hrn\u010dek na n\u00e1poje\" srcset=\"https:\/\/dizzotravelmug.com\/wp-content\/uploads\/2024\/06\/10009-1024x576.jpg 1024w, https:\/\/dizzotravelmug.com\/wp-content\/uploads\/2024\/06\/10009-600x338.jpg 600w, https:\/\/dizzotravelmug.com\/wp-content\/uploads\/2024\/06\/10009-300x169.jpg 300w, https:\/\/dizzotravelmug.com\/wp-content\/uploads\/2024\/06\/10009-768x432.jpg 768w, https:\/\/dizzotravelmug.com\/wp-content\/uploads\/2024\/06\/10009-1536x864.jpg 1536w, https:\/\/dizzotravelmug.com\/wp-content\/uploads\/2024\/06\/10009.jpg 1850w\" sizes=\"(max-width: 1024px) 100vw, 1024px\" \/>\t\t\t\t\t\t\t\t\t\t\t\t\t\t\t<\/div>\n\t\t\t\t<\/div>\n\t\t\t\t\t<\/div>\n\t\t\t\t<\/div>\n\t\t<div class=\"elementor-element elementor-element-7c22c9a e-flex e-con-boxed e-con e-parent\" data-id=\"7c22c9a\" data-element_type=\"container\" data-settings=\"{&quot;ekit_has_onepagescroll_dot&quot;:&quot;yes&quot;}\">\n\t\t\t\t\t<div class=\"e-con-inner\">\n\t\t\t\t<div class=\"elementor-element elementor-element-f7216d7 elementor-widget elementor-widget-heading\" data-id=\"f7216d7\" data-element_type=\"widget\" data-settings=\"{&quot;ekit_we_effect_on&quot;:&quot;none&quot;}\" data-widget_type=\"heading.default\">\n\t\t\t\t<div class=\"elementor-widget-container\">\n\t\t\t\t\t<h2 class=\"elementor-heading-title elementor-size-default\">Prisp\u00f4sobenie produktu<\/h2>\t\t\t\t<\/div>\n\t\t\t\t<\/div>\n\t\t\t\t\t<\/div>\n\t\t\t\t<\/div>\n\t\t<div class=\"elementor-element elementor-element-a387553 e-flex e-con-boxed e-con e-parent\" data-id=\"a387553\" data-element_type=\"container\" data-settings=\"{&quot;ekit_has_onepagescroll_dot&quot;:&quot;yes&quot;}\">\n\t\t\t\t\t<div class=\"e-con-inner\">\n\t\t<div class=\"elementor-element elementor-element-02302db e-con-full e-flex e-con e-child\" data-id=\"02302db\" data-element_type=\"container\" data-settings=\"{&quot;ekit_has_onepagescroll_dot&quot;:&quot;yes&quot;}\">\n\t\t\t\t<div class=\"elementor-element elementor-element-662501b elementor-widget elementor-widget-text-editor\" data-id=\"662501b\" data-element_type=\"widget\" data-settings=\"{&quot;ekit_we_effect_on&quot;:&quot;none&quot;}\" data-widget_type=\"text-editor.default\">\n\t\t\t\t<div class=\"elementor-widget-container\">\n\t\t\t\t\t\t\t\t\t<h3><br><\/h3><h3><br><\/h3><h3><br><\/h3><h3>Na\u0161e cestovn\u00e9 hrn\u010deky podporuj\u00fa prisp\u00f4sobenie farieb a loga, \u010d\u00edm zais\u0165uj\u00fa, \u017ee identita va\u0161ej zna\u010dky alebo osobn\u00fd \u0161t\u00fdl sa odr\u00e1\u017ea v ka\u017edom detaile. Vyberte si zo \u017eiariv\u00e9ho spektra farieb a dovo\u013ete n\u00e1m vytla\u010di\u0165 va\u0161e logo s presnos\u0165ou, v\u010faka \u010domu bude v\u00e1\u0161 hrn\u010dek odrazom v\u00e1\u0161ho jedine\u010dn\u00e9ho vkusu<\/h3>\t\t\t\t\t\t\t\t<\/div>\n\t\t\t\t<\/div>\n\t\t\t\t<\/div>\n\t\t<div class=\"elementor-element elementor-element-576b39e e-con-full e-flex e-con e-child\" data-id=\"576b39e\" data-element_type=\"container\" data-settings=\"{&quot;ekit_has_onepagescroll_dot&quot;:&quot;yes&quot;}\">\n\t\t\t\t<div class=\"elementor-element elementor-element-c190e01 elementor-widget elementor-widget-image\" data-id=\"c190e01\" data-element_type=\"widget\" data-settings=\"{&quot;ekit_we_effect_on&quot;:&quot;none&quot;}\" data-widget_type=\"image.default\">\n\t\t\t\t<div class=\"elementor-widget-container\">\n\t\t\t\t\t\t\t\t\t\t\t\t\t\t\t<img loading=\"lazy\" decoding=\"async\" width=\"1000\" height=\"1000\" src=\"https:\/\/dizzotravelmug.com\/wp-content\/uploads\/2024\/06\/\u5fae\u4fe1\u56fe\u7247_20240627141019.jpg\" class=\"attachment-large size-large wp-image-299\" alt=\"cestovn\u00fd hrn\u010dek na n\u00e1poje\" srcset=\"https:\/\/dizzotravelmug.com\/wp-content\/uploads\/2024\/06\/\u5fae\u4fe1\u56fe\u7247_20240627141019.jpg 1000w, https:\/\/dizzotravelmug.com\/wp-content\/uploads\/2024\/06\/\u5fae\u4fe1\u56fe\u7247_20240627141019-300x300.jpg 300w, https:\/\/dizzotravelmug.com\/wp-content\/uploads\/2024\/06\/\u5fae\u4fe1\u56fe\u7247_20240627141019-150x150.jpg 150w, https:\/\/dizzotravelmug.com\/wp-content\/uploads\/2024\/06\/\u5fae\u4fe1\u56fe\u7247_20240627141019-768x768.jpg 768w, https:\/\/dizzotravelmug.com\/wp-content\/uploads\/2024\/06\/\u5fae\u4fe1\u56fe\u7247_20240627141019-600x600.jpg 600w, https:\/\/dizzotravelmug.com\/wp-content\/uploads\/2024\/06\/\u5fae\u4fe1\u56fe\u7247_20240627141019-100x100.jpg 100w\" sizes=\"(max-width: 1000px) 100vw, 1000px\" \/>\t\t\t\t\t\t\t\t\t\t\t\t\t\t\t<\/div>\n\t\t\t\t<\/div>\n\t\t\t\t<\/div>\n\t\t\t\t\t<\/div>\n\t\t\t\t<\/div>\n\t\t\t\t<\/div>","protected":false},"excerpt":{"rendered":"<p>About Us \u00a0 \u00a0 DIZZO &#8211; Crafting Quality Since 2016 Established in 2016,DIZZO has been a dedicated manufacturer of a wide range of cups and mugs for the global market. Our commitment to quality, innovation, and customer satisfaction has made us a trusted partner in the international trade of beverage containers. Our Expertise Specializing in&#8230;<\/p>","protected":false},"author":1,"featured_media":137,"parent":0,"menu_order":2,"comment_status":"closed","ping_status":"closed","template":"","meta":{"_kad_post_transparent":"","_kad_post_title":"hide","_kad_post_layout":"fullwidth","_kad_post_sidebar_id":"","_kad_post_content_style":"unboxed","_kad_post_vertical_padding":"hide","_kad_post_feature":"hide","_kad_post_feature_position":"","_kad_post_header":false,"_kad_post_footer":false,"footnotes":""},"class_list":["post-15","page","type-page","status-publish","has-post-thumbnail","hentry"],"_links":{"self":[{"href":"https:\/\/dizzotravelmug.com\/sk\/wp-json\/wp\/v2\/pages\/15"}],"collection":[{"href":"https:\/\/dizzotravelmug.com\/sk\/wp-json\/wp\/v2\/pages"}],"about":[{"href":"https:\/\/dizzotravelmug.com\/sk\/wp-json\/wp\/v2\/types\/page"}],"author":[{"embeddable":true,"href":"https:\/\/dizzotravelmug.com\/sk\/wp-json\/wp\/v2\/users\/1"}],"replies":[{"embeddable":true,"href":"https:\/\/dizzotravelmug.com\/sk\/wp-json\/wp\/v2\/comments?post=15"}],"version-history":[{"count":0,"href":"https:\/\/dizzotravelmug.com\/sk\/wp-json\/wp\/v2\/pages\/15\/revisions"}],"wp:featuredmedia":[{"embeddable":true,"href":"https:\/\/dizzotravelmug.com\/sk\/wp-json\/wp\/v2\/media\/137"}],"wp:attachment":[{"href":"https:\/\/dizzotravelmug.com\/sk\/wp-json\/wp\/v2\/media?parent=15"}],"curies":[{"name":"wp","href":"https:\/\/api.w.org\/{rel}","templated":true}]}}