{"id":1581,"date":"2024-11-14T05:41:09","date_gmt":"2024-11-14T05:41:09","guid":{"rendered":"https:\/\/dizzotravelmug.com\/?page_id=1581"},"modified":"2024-11-14T06:17:43","modified_gmt":"2024-11-14T06:17:43","slug":"faq","status":"publish","type":"page","link":"https:\/\/dizzotravelmug.com\/sk\/faq\/","title":{"rendered":"FAQ"},"content":{"rendered":"<div data-elementor-type=\"wp-page\" data-elementor-id=\"1581\" class=\"elementor elementor-1581\" data-elementor-post-type=\"page\">\n\t\t\t\t<div class=\"elementor-element elementor-element-3dfd191 e-flex e-con-boxed e-con e-parent\" data-id=\"3dfd191\" data-element_type=\"container\" data-settings=\"{&quot;ekit_has_onepagescroll_dot&quot;:&quot;yes&quot;}\">\n\t\t\t\t\t<div class=\"e-con-inner\">\n\t\t\t\t<div class=\"elementor-element elementor-element-c43c62b elementor-widget elementor-widget-heading\" data-id=\"c43c62b\" data-element_type=\"widget\" data-settings=\"{&quot;ekit_we_effect_on&quot;:&quot;none&quot;}\" data-widget_type=\"heading.default\">\n\t\t\t\t<div class=\"elementor-widget-container\">\n\t\t\t\t\t<h2 class=\"elementor-heading-title elementor-size-default\">\u010casto kladen\u00e9 ot\u00e1zky (FAQ)<\/h2>\t\t\t\t<\/div>\n\t\t\t\t<\/div>\n\t\t\t\t\t<\/div>\n\t\t\t\t<\/div>\n\t\t<div class=\"elementor-element elementor-element-cb18f78 e-flex e-con-boxed e-con e-parent\" data-id=\"cb18f78\" data-element_type=\"container\" data-settings=\"{&quot;ekit_has_onepagescroll_dot&quot;:&quot;yes&quot;}\">\n\t\t\t\t\t<div class=\"e-con-inner\">\n\t\t\t\t<div class=\"elementor-element elementor-element-3fe254c elementor-widget elementor-widget-text-editor\" data-id=\"3fe254c\" data-element_type=\"widget\" data-settings=\"{&quot;ekit_we_effect_on&quot;:&quot;none&quot;}\" data-widget_type=\"text-editor.default\">\n\t\t\t\t<div class=\"elementor-widget-container\">\n\t\t\t\t\t\t\t\t\t<p><strong>Ot\u00e1zka: Z ak\u00e9ho materi\u00e1lu je poh\u00e1r vyroben\u00fd?<\/strong><\/p><p>Odpove\u010f: N\u00e1\u0161 poh\u00e1r je vyroben\u00fd z vysoko kvalitnej nehrdzavej\u00facej ocele, ktor\u00e1 je zn\u00e1ma svojou odolnos\u0165ou a vynikaj\u00facimi izola\u010dn\u00fdmi vlastnos\u0165ami.<\/p><p><strong>Ot\u00e1zka: Je hrn\u010dek vhodn\u00fd do um\u00fdva\u010dky riadu?<\/strong><br \/>Odpove\u010f: \u00c1no, n\u00e1\u0161 hrn\u010dek je navrhnut\u00fd tak, aby bol vhodn\u00fd do um\u00fdva\u010dky riadu pre va\u0161e pohodlie pri udr\u017eiavan\u00ed \u010distoty.<\/p><p><strong>Ot\u00e1zka: Ak\u00e1 \u00fa\u010dinn\u00e1 je izol\u00e1cia hrn\u010deka?<\/strong><br \/>Odpove\u010f: N\u00e1\u0161 hrn\u010dek vyu\u017e\u00edva technol\u00f3giu v\u00e1kuovej izol\u00e1cie, aby udr\u017eal va\u0161e n\u00e1poje hor\u00face alebo studen\u00e9 nieko\u013eko hod\u00edn.<\/p><p><strong>Ot\u00e1zka: Je hrn\u010dek nepriepustn\u00fd?<\/strong><br \/>Odpove\u010f: Dod\u00e1va sa s bezpe\u010dn\u00fdm nepriepustn\u00fdm vekom, aby sa zaistilo, \u017ee sa na cest\u00e1ch nevyleje.<\/p><p><strong>Ot\u00e1zka: Je pre hrn\u010dek k dispoz\u00edcii viacero farebn\u00fdch mo\u017enost\u00ed?<\/strong><br \/>Odpove\u010f: Pon\u00fakame r\u00f4zne farebn\u00e9 mo\u017enosti vr\u00e1tane \u010diernej, striebornej, modrej a ru\u017eovej, aby sme vyhoveli r\u00f4znym preferenci\u00e1m pou\u017e\u00edvate\u013eov.<\/p><p><strong>Ot\u00e1zka: Je hrn\u010dek vhodn\u00fd na tepl\u00e9 aj studen\u00e9 n\u00e1poje?<\/strong><\/p><p>Odpove\u010f: \u00c1no, n\u00e1\u0161 hrn\u010dek je vhodn\u00fd na hor\u00face aj studen\u00e9 n\u00e1poje a poskytuje vynikaj\u00facu izol\u00e1ciu pre oba.<\/p>\t\t\t\t\t\t\t\t<\/div>\n\t\t\t\t<\/div>\n\t\t\t\t\t<\/div>\n\t\t\t\t<\/div>\n\t\t\t\t<\/div>","protected":false},"excerpt":{"rendered":"<p>Frequently Asked Questions (FAQ) Q: What material is the cup made of? A: Our cup is crafted from high-quality stainless steel, known for its durability and excellent insulation properties. Q: Is the mug dishwasher safe?A: Yes, our mug is designed to be dishwasher safe for your convenience in maintaining cleanliness. Q: How effective is the&#8230;<\/p>","protected":false},"author":1,"featured_media":0,"parent":0,"menu_order":0,"comment_status":"closed","ping_status":"closed","template":"","meta":{"_kad_post_transparent":"","_kad_post_title":"hide","_kad_post_layout":"fullwidth","_kad_post_sidebar_id":"","_kad_post_content_style":"unboxed","_kad_post_vertical_padding":"hide","_kad_post_feature":"hide","_kad_post_feature_position":"","_kad_post_header":false,"_kad_post_footer":false,"footnotes":""},"class_list":["post-1581","page","type-page","status-publish","hentry"],"_links":{"self":[{"href":"https:\/\/dizzotravelmug.com\/sk\/wp-json\/wp\/v2\/pages\/1581"}],"collection":[{"href":"https:\/\/dizzotravelmug.com\/sk\/wp-json\/wp\/v2\/pages"}],"about":[{"href":"https:\/\/dizzotravelmug.com\/sk\/wp-json\/wp\/v2\/types\/page"}],"author":[{"embeddable":true,"href":"https:\/\/dizzotravelmug.com\/sk\/wp-json\/wp\/v2\/users\/1"}],"replies":[{"embeddable":true,"href":"https:\/\/dizzotravelmug.com\/sk\/wp-json\/wp\/v2\/comments?post=1581"}],"version-history":[{"count":0,"href":"https:\/\/dizzotravelmug.com\/sk\/wp-json\/wp\/v2\/pages\/1581\/revisions"}],"wp:attachment":[{"href":"https:\/\/dizzotravelmug.com\/sk\/wp-json\/wp\/v2\/media?parent=1581"}],"curies":[{"name":"wp","href":"https:\/\/api.w.org\/{rel}","templated":true}]}}