{"id":15,"date":"2024-06-25T08:58:26","date_gmt":"2024-06-25T08:58:26","guid":{"rendered":"https:\/\/dizzotravelmug.com\/?page_id=15"},"modified":"2024-11-15T07:15:56","modified_gmt":"2024-11-15T07:15:56","slug":"a-dedicated-manufacturer-of-premium-cups","status":"publish","type":"page","link":"https:\/\/dizzotravelmug.com\/sl\/namenski-proizvajalec-vrhunskih-skodelic\/","title":{"rendered":"O NAS"},"content":{"rendered":"<div data-elementor-type=\"wp-page\" data-elementor-id=\"15\" class=\"elementor elementor-15\" data-elementor-post-type=\"page\">\n\t\t\t\t<div class=\"elementor-element elementor-element-f8b820f e-flex e-con-boxed e-con e-parent\" data-id=\"f8b820f\" data-element_type=\"container\" data-e-type=\"container\" data-settings=\"{&quot;ekit_has_onepagescroll_dot&quot;:&quot;yes&quot;}\">\n\t\t\t\t\t<div class=\"e-con-inner\">\n\t\t\t\t<div class=\"elementor-element elementor-element-3b44ee6 elementor-widget elementor-widget-heading\" data-id=\"3b44ee6\" data-element_type=\"widget\" data-e-type=\"widget\" data-settings=\"{&quot;ekit_we_effect_on&quot;:&quot;none&quot;}\" data-widget_type=\"heading.default\">\n\t\t\t\t<div class=\"elementor-widget-container\">\n\t\t\t\t\t<h2 class=\"elementor-heading-title elementor-size-default\">O nas<\/h2>\t\t\t\t<\/div>\n\t\t\t\t<\/div>\n\t\t\t\t\t<\/div>\n\t\t\t\t<\/div>\n\t\t<div class=\"elementor-element elementor-element-46f0a5a e-flex e-con-boxed e-con e-parent\" data-id=\"46f0a5a\" data-element_type=\"container\" data-e-type=\"container\" data-settings=\"{&quot;ekit_has_onepagescroll_dot&quot;:&quot;yes&quot;}\">\n\t\t\t\t\t<div class=\"e-con-inner\">\n\t\t<div class=\"elementor-element elementor-element-3dc9b37 e-con-full e-flex e-con e-child\" data-id=\"3dc9b37\" data-element_type=\"container\" data-e-type=\"container\" data-settings=\"{&quot;ekit_has_onepagescroll_dot&quot;:&quot;yes&quot;}\">\n\t\t\t\t<div class=\"elementor-element elementor-element-ec785a0 elementor-widget elementor-widget-text-editor\" data-id=\"ec785a0\" data-element_type=\"widget\" data-e-type=\"widget\" data-settings=\"{&quot;ekit_we_effect_on&quot;:&quot;none&quot;}\" data-widget_type=\"text-editor.default\">\n\t\t\t\t<div class=\"elementor-widget-container\">\n\t\t\t\t\t\t\t\t\t<p>\u00a0<\/p><p>\u00a0<\/p><p><strong>DIZZO \u2013 kakovost izdelave od leta 2016<\/strong><\/p><p>DIZZO, ustanovljen leta 2016, je predan proizvajalec \u0161iroke palete skodelic in skodelic za svetovni trg. Zaradi na\u0161e predanosti kakovosti, inovativnosti in zadovoljstvu strank smo postali zaupanja vreden partner v mednarodni trgovini z embala\u017eo za pija\u010do.<\/p><p><strong>Na\u0161e strokovno znanje<\/strong><\/p><p>Specializirani smo za proizvodnjo razli\u010dnih vrst skodelic, vklju\u010dno s steklenimi, kerami\u010dnimi, nerjave\u010dimi jeklenimi in plasti\u010dnimi skodelicami, z mo\u017enostmi prilagajanja ustre\u017eemo razli\u010dnim zahtevam, da izpolnimo edinstvene \u017eelje na\u0161ih strank po vsem svetu. Na\u0161i najsodobnej\u0161i objekti in strog nadzor kakovosti zagotavljajo, da je vsak izdelek, ki zapusti na\u0161o tovarno, dokaz na\u0161e predanosti odli\u010dnosti.<\/p><p><strong>Globalni doseg<\/strong><\/p><p>Z robustno izvozno mre\u017eo je DIZZO na\u0161e izdelke uspe\u0161no dostavil v \u0161tevilne dr\u017eave in si prislu\u017eil sloves zanesljivosti in pravo\u010dasne dostave. Ponosni smo na razumevanje in prilagajanje posebnim potrebam razli\u010dnih trgov ter zagotavljanje prilagojenih re\u0161itev za na\u0161o mednarodno stranko.<\/p><p><strong>Pridru\u017eite se na\u0161emu potovanju<\/strong><\/p><p>Ker \u0161e naprej \u0161irimo svoja obzorja, vas vabimo, da postanete del na\u0161e zgodbe o rasti. Sodelujmo pri ustvarjanju trajnostnih in elegantnih izdelkov, ki izbolj\u0161ajo vsakdanje \u017eivljenje potro\u0161nikov po vsem svetu.<\/p><p>Za vpra\u0161anja ali za za\u010detek partnerstva nas kontaktirajte.<\/p>\t\t\t\t\t\t\t\t<\/div>\n\t\t\t\t<\/div>\n\t\t\t\t<div class=\"elementor-element elementor-element-8b9e83c elementor-align-center elementor-widget elementor-widget-button\" data-id=\"8b9e83c\" data-element_type=\"widget\" data-e-type=\"widget\" data-settings=\"{&quot;ekit_we_effect_on&quot;:&quot;none&quot;}\" data-widget_type=\"button.default\">\n\t\t\t\t<div class=\"elementor-widget-container\">\n\t\t\t\t\t\t\t\t\t<div class=\"elementor-button-wrapper\">\n\t\t\t\t\t<a class=\"elementor-button elementor-button-link elementor-size-sm\" href=\"https:\/\/dizzotravelmug.com\/sl\/kontaktiraj-nas\/\" target=\"_blank\">\n\t\t\t\t\t\t<span class=\"elementor-button-content-wrapper\">\n\t\t\t\t\t\t\t\t\t<span class=\"elementor-button-text\">Klikni tukaj<\/span>\n\t\t\t\t\t<\/span>\n\t\t\t\t\t<\/a>\n\t\t\t\t<\/div>\n\t\t\t\t\t\t\t\t<\/div>\n\t\t\t\t<\/div>\n\t\t\t\t<\/div>\n\t\t<div class=\"elementor-element elementor-element-5200de5 e-con-full e-flex e-con e-child\" data-id=\"5200de5\" data-element_type=\"container\" data-e-type=\"container\" data-settings=\"{&quot;ekit_has_onepagescroll_dot&quot;:&quot;yes&quot;}\">\n\t\t\t\t<div class=\"elementor-element elementor-element-b214180 elementor-widget elementor-widget-image\" data-id=\"b214180\" data-element_type=\"widget\" data-e-type=\"widget\" data-settings=\"{&quot;ekit_we_effect_on&quot;:&quot;none&quot;}\" data-widget_type=\"image.default\">\n\t\t\t\t<div class=\"elementor-widget-container\">\n\t\t\t\t\t\t\t\t\t\t\t\t\t\t\t<img fetchpriority=\"high\" decoding=\"async\" width=\"1024\" height=\"768\" src=\"https:\/\/dizzotravelmug.com\/wp-content\/uploads\/2024\/06\/10001-3-1024x768.jpg\" class=\"attachment-large size-large wp-image-149\" alt=\"\" srcset=\"https:\/\/dizzotravelmug.com\/wp-content\/uploads\/2024\/06\/10001-3-1024x768.jpg 1024w, https:\/\/dizzotravelmug.com\/wp-content\/uploads\/2024\/06\/10001-3-600x450.jpg 600w, https:\/\/dizzotravelmug.com\/wp-content\/uploads\/2024\/06\/10001-3-300x225.jpg 300w, https:\/\/dizzotravelmug.com\/wp-content\/uploads\/2024\/06\/10001-3-768x576.jpg 768w, https:\/\/dizzotravelmug.com\/wp-content\/uploads\/2024\/06\/10001-3-1536x1152.jpg 1536w, https:\/\/dizzotravelmug.com\/wp-content\/uploads\/2024\/06\/10001-3.jpg 1702w\" sizes=\"(max-width: 1024px) 100vw, 1024px\" \/>\t\t\t\t\t\t\t\t\t\t\t\t\t\t\t<\/div>\n\t\t\t\t<\/div>\n\t\t\t\t<div class=\"elementor-element elementor-element-c180a01 elementor-widget elementor-widget-image\" data-id=\"c180a01\" data-element_type=\"widget\" data-e-type=\"widget\" data-settings=\"{&quot;ekit_we_effect_on&quot;:&quot;none&quot;}\" data-widget_type=\"image.default\">\n\t\t\t\t<div class=\"elementor-widget-container\">\n\t\t\t\t\t\t\t\t\t\t\t\t\t\t\t<img decoding=\"async\" width=\"1024\" height=\"768\" src=\"https:\/\/dizzotravelmug.com\/wp-content\/uploads\/2024\/06\/10002-1024x768.jpg\" class=\"attachment-large size-large wp-image-150\" alt=\"potovalna posoda za pija\u010do\" srcset=\"https:\/\/dizzotravelmug.com\/wp-content\/uploads\/2024\/06\/10002-1024x768.jpg 1024w, https:\/\/dizzotravelmug.com\/wp-content\/uploads\/2024\/06\/10002-600x450.jpg 600w, https:\/\/dizzotravelmug.com\/wp-content\/uploads\/2024\/06\/10002-300x225.jpg 300w, https:\/\/dizzotravelmug.com\/wp-content\/uploads\/2024\/06\/10002-768x576.jpg 768w, https:\/\/dizzotravelmug.com\/wp-content\/uploads\/2024\/06\/10002-1536x1152.jpg 1536w, https:\/\/dizzotravelmug.com\/wp-content\/uploads\/2024\/06\/10002.jpg 1702w\" sizes=\"(max-width: 1024px) 100vw, 1024px\" \/>\t\t\t\t\t\t\t\t\t\t\t\t\t\t\t<\/div>\n\t\t\t\t<\/div>\n\t\t\t\t<div class=\"elementor-element elementor-element-8a7763e elementor-widget elementor-widget-image\" data-id=\"8a7763e\" data-element_type=\"widget\" data-e-type=\"widget\" data-settings=\"{&quot;ekit_we_effect_on&quot;:&quot;none&quot;}\" data-widget_type=\"image.default\">\n\t\t\t\t<div class=\"elementor-widget-container\">\n\t\t\t\t\t\t\t\t\t\t\t\t\t\t\t<img decoding=\"async\" width=\"768\" height=\"1365\" src=\"https:\/\/dizzotravelmug.com\/wp-content\/uploads\/2024\/11\/\u5fae\u4fe1\u56fe\u7247_20241115145851-768x1365.jpg\" class=\"attachment-medium_large size-medium_large wp-image-1656\" alt=\"cup\" srcset=\"https:\/\/dizzotravelmug.com\/wp-content\/uploads\/2024\/11\/\u5fae\u4fe1\u56fe\u7247_20241115145851-768x1365.jpg 768w, https:\/\/dizzotravelmug.com\/wp-content\/uploads\/2024\/11\/\u5fae\u4fe1\u56fe\u7247_20241115145851-169x300.jpg 169w, https:\/\/dizzotravelmug.com\/wp-content\/uploads\/2024\/11\/\u5fae\u4fe1\u56fe\u7247_20241115145851-576x1024.jpg 576w, https:\/\/dizzotravelmug.com\/wp-content\/uploads\/2024\/11\/\u5fae\u4fe1\u56fe\u7247_20241115145851-864x1536.jpg 864w, https:\/\/dizzotravelmug.com\/wp-content\/uploads\/2024\/11\/\u5fae\u4fe1\u56fe\u7247_20241115145851-7x12.jpg 7w, https:\/\/dizzotravelmug.com\/wp-content\/uploads\/2024\/11\/\u5fae\u4fe1\u56fe\u7247_20241115145851.jpg 916w\" sizes=\"(max-width: 768px) 100vw, 768px\" \/>\t\t\t\t\t\t\t\t\t\t\t\t\t\t\t<\/div>\n\t\t\t\t<\/div>\n\t\t\t\t<\/div>\n\t\t\t\t\t<\/div>\n\t\t\t\t<\/div>\n\t\t<div class=\"elementor-element elementor-element-f036e5c e-flex e-con-boxed e-con e-parent\" data-id=\"f036e5c\" data-element_type=\"container\" data-e-type=\"container\" data-settings=\"{&quot;ekit_has_onepagescroll_dot&quot;:&quot;yes&quot;}\">\n\t\t\t\t\t<div class=\"e-con-inner\">\n\t\t\t\t<div class=\"elementor-element elementor-element-ca4e230 elementor-widget elementor-widget-heading\" data-id=\"ca4e230\" data-element_type=\"widget\" data-e-type=\"widget\" data-settings=\"{&quot;ekit_we_effect_on&quot;:&quot;none&quot;}\" data-widget_type=\"heading.default\">\n\t\t\t\t<div class=\"elementor-widget-container\">\n\t\t\t\t\t<h2 class=\"elementor-heading-title elementor-size-default\">PREGLED NA\u0160E TOVARNE<\/h2>\t\t\t\t<\/div>\n\t\t\t\t<\/div>\n\t\t\t\t\t<\/div>\n\t\t\t\t<\/div>\n\t\t<div class=\"elementor-element elementor-element-5900340 e-grid e-con-boxed e-con e-parent\" data-id=\"5900340\" data-element_type=\"container\" data-e-type=\"container\" data-settings=\"{&quot;ekit_has_onepagescroll_dot&quot;:&quot;yes&quot;}\">\n\t\t\t\t\t<div class=\"e-con-inner\">\n\t\t\t\t<div class=\"elementor-element elementor-element-95ec2ae elementor-widget elementor-widget-image\" data-id=\"95ec2ae\" data-element_type=\"widget\" data-e-type=\"widget\" data-settings=\"{&quot;ekit_we_effect_on&quot;:&quot;none&quot;}\" data-widget_type=\"image.default\">\n\t\t\t\t<div class=\"elementor-widget-container\">\n\t\t\t\t\t\t\t\t\t\t\t\t\t\t\t<img loading=\"lazy\" decoding=\"async\" width=\"1024\" height=\"576\" src=\"https:\/\/dizzotravelmug.com\/wp-content\/uploads\/2024\/06\/10013-1024x576.jpg\" class=\"attachment-large size-large wp-image-223\" alt=\"potovalna posoda za pija\u010do\" srcset=\"https:\/\/dizzotravelmug.com\/wp-content\/uploads\/2024\/06\/10013-1024x576.jpg 1024w, https:\/\/dizzotravelmug.com\/wp-content\/uploads\/2024\/06\/10013-600x338.jpg 600w, https:\/\/dizzotravelmug.com\/wp-content\/uploads\/2024\/06\/10013-300x169.jpg 300w, https:\/\/dizzotravelmug.com\/wp-content\/uploads\/2024\/06\/10013-768x432.jpg 768w, https:\/\/dizzotravelmug.com\/wp-content\/uploads\/2024\/06\/10013-1536x864.jpg 1536w, https:\/\/dizzotravelmug.com\/wp-content\/uploads\/2024\/06\/10013.jpg 1621w\" sizes=\"(max-width: 1024px) 100vw, 1024px\" \/>\t\t\t\t\t\t\t\t\t\t\t\t\t\t\t<\/div>\n\t\t\t\t<\/div>\n\t\t\t\t<div class=\"elementor-element elementor-element-56749ac elementor-widget elementor-widget-image\" data-id=\"56749ac\" data-element_type=\"widget\" data-e-type=\"widget\" data-settings=\"{&quot;ekit_we_effect_on&quot;:&quot;none&quot;}\" data-widget_type=\"image.default\">\n\t\t\t\t<div class=\"elementor-widget-container\">\n\t\t\t\t\t\t\t\t\t\t\t\t\t\t\t<img loading=\"lazy\" decoding=\"async\" width=\"1024\" height=\"768\" src=\"https:\/\/dizzotravelmug.com\/wp-content\/uploads\/2024\/06\/10011-1024x768.jpg\" class=\"attachment-large size-large wp-image-221\" alt=\"potovalna posoda za pija\u010do\" srcset=\"https:\/\/dizzotravelmug.com\/wp-content\/uploads\/2024\/06\/10011-1024x768.jpg 1024w, https:\/\/dizzotravelmug.com\/wp-content\/uploads\/2024\/06\/10011-600x450.jpg 600w, https:\/\/dizzotravelmug.com\/wp-content\/uploads\/2024\/06\/10011-300x225.jpg 300w, https:\/\/dizzotravelmug.com\/wp-content\/uploads\/2024\/06\/10011-768x576.jpg 768w, https:\/\/dizzotravelmug.com\/wp-content\/uploads\/2024\/06\/10011-1536x1152.jpg 1536w, https:\/\/dizzotravelmug.com\/wp-content\/uploads\/2024\/06\/10011.jpg 1706w\" sizes=\"(max-width: 1024px) 100vw, 1024px\" \/>\t\t\t\t\t\t\t\t\t\t\t\t\t\t\t<\/div>\n\t\t\t\t<\/div>\n\t\t\t\t<div class=\"elementor-element elementor-element-136f614 elementor-widget elementor-widget-image\" data-id=\"136f614\" data-element_type=\"widget\" data-e-type=\"widget\" data-settings=\"{&quot;ekit_we_effect_on&quot;:&quot;none&quot;}\" data-widget_type=\"image.default\">\n\t\t\t\t<div class=\"elementor-widget-container\">\n\t\t\t\t\t\t\t\t\t\t\t\t\t\t\t<img loading=\"lazy\" decoding=\"async\" width=\"1024\" height=\"576\" src=\"https:\/\/dizzotravelmug.com\/wp-content\/uploads\/2024\/06\/10012-1024x576.jpg\" class=\"attachment-large size-large wp-image-222\" alt=\"potovalna posoda za pija\u010do\" srcset=\"https:\/\/dizzotravelmug.com\/wp-content\/uploads\/2024\/06\/10012-1024x576.jpg 1024w, https:\/\/dizzotravelmug.com\/wp-content\/uploads\/2024\/06\/10012-600x338.jpg 600w, https:\/\/dizzotravelmug.com\/wp-content\/uploads\/2024\/06\/10012-300x169.jpg 300w, https:\/\/dizzotravelmug.com\/wp-content\/uploads\/2024\/06\/10012-768x432.jpg 768w, https:\/\/dizzotravelmug.com\/wp-content\/uploads\/2024\/06\/10012-1536x864.jpg 1536w, https:\/\/dizzotravelmug.com\/wp-content\/uploads\/2024\/06\/10012.jpg 1639w\" sizes=\"(max-width: 1024px) 100vw, 1024px\" \/>\t\t\t\t\t\t\t\t\t\t\t\t\t\t\t<\/div>\n\t\t\t\t<\/div>\n\t\t\t\t\t<\/div>\n\t\t\t\t<\/div>\n\t\t<div class=\"elementor-element elementor-element-dd45eb7 e-grid e-con-boxed e-con e-parent\" data-id=\"dd45eb7\" data-element_type=\"container\" data-e-type=\"container\" data-settings=\"{&quot;ekit_has_onepagescroll_dot&quot;:&quot;yes&quot;}\">\n\t\t\t\t\t<div class=\"e-con-inner\">\n\t\t\t\t<div class=\"elementor-element elementor-element-8e7da1d elementor-widget elementor-widget-image\" data-id=\"8e7da1d\" data-element_type=\"widget\" data-e-type=\"widget\" data-settings=\"{&quot;ekit_we_effect_on&quot;:&quot;none&quot;}\" data-widget_type=\"image.default\">\n\t\t\t\t<div class=\"elementor-widget-container\">\n\t\t\t\t\t\t\t\t\t\t\t\t\t\t\t<img loading=\"lazy\" decoding=\"async\" width=\"1024\" height=\"576\" src=\"https:\/\/dizzotravelmug.com\/wp-content\/uploads\/2024\/06\/10008-1024x576.webp\" class=\"attachment-large size-large wp-image-218\" alt=\"\" srcset=\"https:\/\/dizzotravelmug.com\/wp-content\/uploads\/2024\/06\/10008-1024x576.webp 1024w, https:\/\/dizzotravelmug.com\/wp-content\/uploads\/2024\/06\/10008-600x338.webp 600w, https:\/\/dizzotravelmug.com\/wp-content\/uploads\/2024\/06\/10008-300x169.webp 300w, https:\/\/dizzotravelmug.com\/wp-content\/uploads\/2024\/06\/10008-768x432.webp 768w, https:\/\/dizzotravelmug.com\/wp-content\/uploads\/2024\/06\/10008-1536x864.webp 1536w, https:\/\/dizzotravelmug.com\/wp-content\/uploads\/2024\/06\/10008.webp 1920w\" sizes=\"(max-width: 1024px) 100vw, 1024px\" \/>\t\t\t\t\t\t\t\t\t\t\t\t\t\t\t<\/div>\n\t\t\t\t<\/div>\n\t\t\t\t<div class=\"elementor-element elementor-element-8cc4665 elementor-widget elementor-widget-image\" data-id=\"8cc4665\" data-element_type=\"widget\" data-e-type=\"widget\" data-settings=\"{&quot;ekit_we_effect_on&quot;:&quot;none&quot;}\" data-widget_type=\"image.default\">\n\t\t\t\t<div class=\"elementor-widget-container\">\n\t\t\t\t\t\t\t\t\t\t\t\t\t\t\t<img loading=\"lazy\" decoding=\"async\" width=\"1024\" height=\"768\" src=\"https:\/\/dizzotravelmug.com\/wp-content\/uploads\/2024\/06\/10007-1024x768.jpg\" class=\"attachment-large size-large wp-image-217\" alt=\"potovalna posoda za pija\u010do\" srcset=\"https:\/\/dizzotravelmug.com\/wp-content\/uploads\/2024\/06\/10007-1024x768.jpg 1024w, https:\/\/dizzotravelmug.com\/wp-content\/uploads\/2024\/06\/10007-600x450.jpg 600w, https:\/\/dizzotravelmug.com\/wp-content\/uploads\/2024\/06\/10007-300x225.jpg 300w, https:\/\/dizzotravelmug.com\/wp-content\/uploads\/2024\/06\/10007-768x576.jpg 768w, https:\/\/dizzotravelmug.com\/wp-content\/uploads\/2024\/06\/10007-1536x1152.jpg 1536w, https:\/\/dizzotravelmug.com\/wp-content\/uploads\/2024\/06\/10007.jpg 1702w\" sizes=\"(max-width: 1024px) 100vw, 1024px\" \/>\t\t\t\t\t\t\t\t\t\t\t\t\t\t\t<\/div>\n\t\t\t\t<\/div>\n\t\t\t\t<div class=\"elementor-element elementor-element-35a722b elementor-widget elementor-widget-image\" data-id=\"35a722b\" data-element_type=\"widget\" data-e-type=\"widget\" data-settings=\"{&quot;ekit_we_effect_on&quot;:&quot;none&quot;}\" data-widget_type=\"image.default\">\n\t\t\t\t<div class=\"elementor-widget-container\">\n\t\t\t\t\t\t\t\t\t\t\t\t\t\t\t<img loading=\"lazy\" decoding=\"async\" width=\"1024\" height=\"576\" src=\"https:\/\/dizzotravelmug.com\/wp-content\/uploads\/2024\/06\/10009-1024x576.jpg\" class=\"attachment-large size-large wp-image-219\" alt=\"potovalna posoda za pija\u010do\" srcset=\"https:\/\/dizzotravelmug.com\/wp-content\/uploads\/2024\/06\/10009-1024x576.jpg 1024w, https:\/\/dizzotravelmug.com\/wp-content\/uploads\/2024\/06\/10009-600x338.jpg 600w, https:\/\/dizzotravelmug.com\/wp-content\/uploads\/2024\/06\/10009-300x169.jpg 300w, https:\/\/dizzotravelmug.com\/wp-content\/uploads\/2024\/06\/10009-768x432.jpg 768w, https:\/\/dizzotravelmug.com\/wp-content\/uploads\/2024\/06\/10009-1536x864.jpg 1536w, https:\/\/dizzotravelmug.com\/wp-content\/uploads\/2024\/06\/10009.jpg 1850w\" sizes=\"(max-width: 1024px) 100vw, 1024px\" \/>\t\t\t\t\t\t\t\t\t\t\t\t\t\t\t<\/div>\n\t\t\t\t<\/div>\n\t\t\t\t\t<\/div>\n\t\t\t\t<\/div>\n\t\t<div class=\"elementor-element elementor-element-7c22c9a e-flex e-con-boxed e-con e-parent\" data-id=\"7c22c9a\" data-element_type=\"container\" data-e-type=\"container\" data-settings=\"{&quot;ekit_has_onepagescroll_dot&quot;:&quot;yes&quot;}\">\n\t\t\t\t\t<div class=\"e-con-inner\">\n\t\t\t\t<div class=\"elementor-element elementor-element-f7216d7 elementor-widget elementor-widget-heading\" data-id=\"f7216d7\" data-element_type=\"widget\" data-e-type=\"widget\" data-settings=\"{&quot;ekit_we_effect_on&quot;:&quot;none&quot;}\" data-widget_type=\"heading.default\">\n\t\t\t\t<div class=\"elementor-widget-container\">\n\t\t\t\t\t<h2 class=\"elementor-heading-title elementor-size-default\">Prilagajanje izdelka<\/h2>\t\t\t\t<\/div>\n\t\t\t\t<\/div>\n\t\t\t\t\t<\/div>\n\t\t\t\t<\/div>\n\t\t<div class=\"elementor-element elementor-element-a387553 e-flex e-con-boxed e-con e-parent\" data-id=\"a387553\" data-element_type=\"container\" data-e-type=\"container\" data-settings=\"{&quot;ekit_has_onepagescroll_dot&quot;:&quot;yes&quot;}\">\n\t\t\t\t\t<div class=\"e-con-inner\">\n\t\t<div class=\"elementor-element elementor-element-02302db e-con-full e-flex e-con e-child\" data-id=\"02302db\" data-element_type=\"container\" data-e-type=\"container\" data-settings=\"{&quot;ekit_has_onepagescroll_dot&quot;:&quot;yes&quot;}\">\n\t\t\t\t<div class=\"elementor-element elementor-element-662501b elementor-widget elementor-widget-text-editor\" data-id=\"662501b\" data-element_type=\"widget\" data-e-type=\"widget\" data-settings=\"{&quot;ekit_we_effect_on&quot;:&quot;none&quot;}\" data-widget_type=\"text-editor.default\">\n\t\t\t\t<div class=\"elementor-widget-container\">\n\t\t\t\t\t\t\t\t\t<h3><br><\/h3><h3><br><\/h3><h3><br><\/h3><h3>Na\u0161e potovalne skodelice podpirajo prilagoditev barv in logotipov, kar zagotavlja, da se identiteta ali osebni slog va\u0161e znamke odra\u017ea v vsaki podrobnosti. Izbirajte med \u017eivahnim spektrom barv in dovolite nam, da natan\u010dno vtisnemo va\u0161 logotip, tako da bo va\u0161a skodelica odraz va\u0161ega edinstvenega okusa<\/h3>\t\t\t\t\t\t\t\t<\/div>\n\t\t\t\t<\/div>\n\t\t\t\t<\/div>\n\t\t<div class=\"elementor-element elementor-element-576b39e e-con-full e-flex e-con e-child\" data-id=\"576b39e\" data-element_type=\"container\" data-e-type=\"container\" data-settings=\"{&quot;ekit_has_onepagescroll_dot&quot;:&quot;yes&quot;}\">\n\t\t\t\t<div class=\"elementor-element elementor-element-c190e01 elementor-widget elementor-widget-image\" data-id=\"c190e01\" data-element_type=\"widget\" data-e-type=\"widget\" data-settings=\"{&quot;ekit_we_effect_on&quot;:&quot;none&quot;}\" data-widget_type=\"image.default\">\n\t\t\t\t<div class=\"elementor-widget-container\">\n\t\t\t\t\t\t\t\t\t\t\t\t\t\t\t<img loading=\"lazy\" decoding=\"async\" width=\"1000\" height=\"1000\" src=\"https:\/\/dizzotravelmug.com\/wp-content\/uploads\/2024\/06\/\u5fae\u4fe1\u56fe\u7247_20240627141019.jpg\" class=\"attachment-large size-large wp-image-299\" alt=\"potovalna posoda za pija\u010do\" srcset=\"https:\/\/dizzotravelmug.com\/wp-content\/uploads\/2024\/06\/\u5fae\u4fe1\u56fe\u7247_20240627141019.jpg 1000w, https:\/\/dizzotravelmug.com\/wp-content\/uploads\/2024\/06\/\u5fae\u4fe1\u56fe\u7247_20240627141019-300x300.jpg 300w, https:\/\/dizzotravelmug.com\/wp-content\/uploads\/2024\/06\/\u5fae\u4fe1\u56fe\u7247_20240627141019-150x150.jpg 150w, https:\/\/dizzotravelmug.com\/wp-content\/uploads\/2024\/06\/\u5fae\u4fe1\u56fe\u7247_20240627141019-768x768.jpg 768w, https:\/\/dizzotravelmug.com\/wp-content\/uploads\/2024\/06\/\u5fae\u4fe1\u56fe\u7247_20240627141019-600x600.jpg 600w, https:\/\/dizzotravelmug.com\/wp-content\/uploads\/2024\/06\/\u5fae\u4fe1\u56fe\u7247_20240627141019-100x100.jpg 100w\" sizes=\"(max-width: 1000px) 100vw, 1000px\" \/>\t\t\t\t\t\t\t\t\t\t\t\t\t\t\t<\/div>\n\t\t\t\t<\/div>\n\t\t\t\t<\/div>\n\t\t\t\t\t<\/div>\n\t\t\t\t<\/div>\n\t\t\t\t<\/div>","protected":false},"excerpt":{"rendered":"<p>About Us \u00a0 \u00a0 DIZZO &#8211; Crafting Quality Since 2016 Established in 2016,DIZZO has been a dedicated manufacturer of a wide range of cups and mugs for the global market. Our commitment to quality, innovation, and customer satisfaction has made us a trusted partner in the international trade of beverage containers. Our Expertise Specializing in&#8230;<\/p>","protected":false},"author":1,"featured_media":137,"parent":0,"menu_order":2,"comment_status":"closed","ping_status":"closed","template":"","meta":{"_kad_post_transparent":"","_kad_post_title":"hide","_kad_post_layout":"fullwidth","_kad_post_sidebar_id":"","_kad_post_content_style":"unboxed","_kad_post_vertical_padding":"hide","_kad_post_feature":"hide","_kad_post_feature_position":"","_kad_post_header":false,"_kad_post_footer":false,"footnotes":""},"class_list":["post-15","page","type-page","status-publish","has-post-thumbnail","hentry"],"_links":{"self":[{"href":"https:\/\/dizzotravelmug.com\/sl\/wp-json\/wp\/v2\/pages\/15"}],"collection":[{"href":"https:\/\/dizzotravelmug.com\/sl\/wp-json\/wp\/v2\/pages"}],"about":[{"href":"https:\/\/dizzotravelmug.com\/sl\/wp-json\/wp\/v2\/types\/page"}],"author":[{"embeddable":true,"href":"https:\/\/dizzotravelmug.com\/sl\/wp-json\/wp\/v2\/users\/1"}],"replies":[{"embeddable":true,"href":"https:\/\/dizzotravelmug.com\/sl\/wp-json\/wp\/v2\/comments?post=15"}],"version-history":[{"count":0,"href":"https:\/\/dizzotravelmug.com\/sl\/wp-json\/wp\/v2\/pages\/15\/revisions"}],"wp:featuredmedia":[{"embeddable":true,"href":"https:\/\/dizzotravelmug.com\/sl\/wp-json\/wp\/v2\/media\/137"}],"wp:attachment":[{"href":"https:\/\/dizzotravelmug.com\/sl\/wp-json\/wp\/v2\/media?parent=15"}],"curies":[{"name":"wp","href":"https:\/\/api.w.org\/{rel}","templated":true}]}}