{"id":1581,"date":"2024-11-14T05:41:09","date_gmt":"2024-11-14T05:41:09","guid":{"rendered":"https:\/\/dizzotravelmug.com\/?page_id=1581"},"modified":"2024-11-14T06:17:43","modified_gmt":"2024-11-14T06:17:43","slug":"faq","status":"publish","type":"page","link":"https:\/\/dizzotravelmug.com\/sl\/faq\/","title":{"rendered":"pogosta vpra\u0161anja"},"content":{"rendered":"<div data-elementor-type=\"wp-page\" data-elementor-id=\"1581\" class=\"elementor elementor-1581\" data-elementor-post-type=\"page\">\n\t\t\t\t<div class=\"elementor-element elementor-element-3dfd191 e-flex e-con-boxed e-con e-parent\" data-id=\"3dfd191\" data-element_type=\"container\" data-settings=\"{&quot;ekit_has_onepagescroll_dot&quot;:&quot;yes&quot;}\">\n\t\t\t\t\t<div class=\"e-con-inner\">\n\t\t\t\t<div class=\"elementor-element elementor-element-c43c62b elementor-widget elementor-widget-heading\" data-id=\"c43c62b\" data-element_type=\"widget\" data-settings=\"{&quot;ekit_we_effect_on&quot;:&quot;none&quot;}\" data-widget_type=\"heading.default\">\n\t\t\t\t<div class=\"elementor-widget-container\">\n\t\t\t\t\t<h2 class=\"elementor-heading-title elementor-size-default\">Pogosto zastavljena vpra\u0161anja (FAQ)<\/h2>\t\t\t\t<\/div>\n\t\t\t\t<\/div>\n\t\t\t\t\t<\/div>\n\t\t\t\t<\/div>\n\t\t<div class=\"elementor-element elementor-element-cb18f78 e-flex e-con-boxed e-con e-parent\" data-id=\"cb18f78\" data-element_type=\"container\" data-settings=\"{&quot;ekit_has_onepagescroll_dot&quot;:&quot;yes&quot;}\">\n\t\t\t\t\t<div class=\"e-con-inner\">\n\t\t\t\t<div class=\"elementor-element elementor-element-3fe254c elementor-widget elementor-widget-text-editor\" data-id=\"3fe254c\" data-element_type=\"widget\" data-settings=\"{&quot;ekit_we_effect_on&quot;:&quot;none&quot;}\" data-widget_type=\"text-editor.default\">\n\t\t\t\t<div class=\"elementor-widget-container\">\n\t\t\t\t\t\t\t\t\t<p><strong>V: Iz katerega materiala je skodelica?<\/strong><\/p><p>O: Na\u0161a skodelica je izdelana iz visokokakovostnega nerjave\u010dega jekla, znanega po svoji vzdr\u017eljivosti in odli\u010dnih izolacijskih lastnostih.<\/p><p><strong>V: Ali je skodelica varna za pomivanje v pomivalnem stroju?<\/strong><br \/>O: Da, na\u0161a skodelica je zasnovana tako, da jo lahko pomivate v pomivalnem stroju, da boste la\u017eje vzdr\u017eevali \u010disto\u010do.<\/p><p><strong>V: Kako u\u010dinkovita je izolacija skodelice?<\/strong><br \/>O: Na\u0161a skodelica uporablja tehnologijo vakuumske izolacije, ki ohranja va\u0161e pija\u010de tople ali hladne ve\u010d ur.<\/p><p><strong>V: Ali je skodelica neprepustna?<\/strong><br \/>O: Prilo\u017een je varen pokrov, ki ne pu\u0161\u010da, da ne pride do razlitja, ko ste na poti.<\/p><p><strong>V: Ali je za skodelico na voljo ve\u010d barvnih mo\u017enosti?<\/strong><br \/>O: Ponujamo razli\u010dne barvne izbire, vklju\u010dno s \u010drno, srebrno, modro in roza, da zadovoljimo razli\u010dne \u017eelje uporabnikov.<\/p><p><strong>V: Ali je vr\u010dek primeren za tople in hladne napitke?<\/strong><\/p><p>O: Da, na\u0161a skodelica je primerna za tople in hladne napitke, saj zagotavlja odli\u010dno izolacijo za oba.<\/p>\t\t\t\t\t\t\t\t<\/div>\n\t\t\t\t<\/div>\n\t\t\t\t\t<\/div>\n\t\t\t\t<\/div>\n\t\t\t\t<\/div>","protected":false},"excerpt":{"rendered":"<p>Frequently Asked Questions (FAQ) Q: What material is the cup made of? A: Our cup is crafted from high-quality stainless steel, known for its durability and excellent insulation properties. Q: Is the mug dishwasher safe?A: Yes, our mug is designed to be dishwasher safe for your convenience in maintaining cleanliness. Q: How effective is the&#8230;<\/p>","protected":false},"author":1,"featured_media":0,"parent":0,"menu_order":0,"comment_status":"closed","ping_status":"closed","template":"","meta":{"_kad_post_transparent":"","_kad_post_title":"hide","_kad_post_layout":"fullwidth","_kad_post_sidebar_id":"","_kad_post_content_style":"unboxed","_kad_post_vertical_padding":"hide","_kad_post_feature":"hide","_kad_post_feature_position":"","_kad_post_header":false,"_kad_post_footer":false,"footnotes":""},"class_list":["post-1581","page","type-page","status-publish","hentry"],"_links":{"self":[{"href":"https:\/\/dizzotravelmug.com\/sl\/wp-json\/wp\/v2\/pages\/1581"}],"collection":[{"href":"https:\/\/dizzotravelmug.com\/sl\/wp-json\/wp\/v2\/pages"}],"about":[{"href":"https:\/\/dizzotravelmug.com\/sl\/wp-json\/wp\/v2\/types\/page"}],"author":[{"embeddable":true,"href":"https:\/\/dizzotravelmug.com\/sl\/wp-json\/wp\/v2\/users\/1"}],"replies":[{"embeddable":true,"href":"https:\/\/dizzotravelmug.com\/sl\/wp-json\/wp\/v2\/comments?post=1581"}],"version-history":[{"count":0,"href":"https:\/\/dizzotravelmug.com\/sl\/wp-json\/wp\/v2\/pages\/1581\/revisions"}],"wp:attachment":[{"href":"https:\/\/dizzotravelmug.com\/sl\/wp-json\/wp\/v2\/media?parent=1581"}],"curies":[{"name":"wp","href":"https:\/\/api.w.org\/{rel}","templated":true}]}}