{"id":1581,"date":"2024-11-14T05:41:09","date_gmt":"2024-11-14T05:41:09","guid":{"rendered":"https:\/\/dizzotravelmug.com\/?page_id=1581"},"modified":"2024-11-14T06:17:43","modified_gmt":"2024-11-14T06:17:43","slug":"faq","status":"publish","type":"page","link":"https:\/\/dizzotravelmug.com\/tr\/faq\/","title":{"rendered":"SSS"},"content":{"rendered":"<div data-elementor-type=\"wp-page\" data-elementor-id=\"1581\" class=\"elementor elementor-1581\" data-elementor-post-type=\"page\">\n\t\t\t\t<div class=\"elementor-element elementor-element-3dfd191 e-flex e-con-boxed e-con e-parent\" data-id=\"3dfd191\" data-element_type=\"container\" data-settings=\"{&quot;ekit_has_onepagescroll_dot&quot;:&quot;yes&quot;}\">\n\t\t\t\t\t<div class=\"e-con-inner\">\n\t\t\t\t<div class=\"elementor-element elementor-element-c43c62b elementor-widget elementor-widget-heading\" data-id=\"c43c62b\" data-element_type=\"widget\" data-settings=\"{&quot;ekit_we_effect_on&quot;:&quot;none&quot;}\" data-widget_type=\"heading.default\">\n\t\t\t\t<div class=\"elementor-widget-container\">\n\t\t\t\t\t<h2 class=\"elementor-heading-title elementor-size-default\">S\u0131k Sorulan Sorular (SSS)<\/h2>\t\t\t\t<\/div>\n\t\t\t\t<\/div>\n\t\t\t\t\t<\/div>\n\t\t\t\t<\/div>\n\t\t<div class=\"elementor-element elementor-element-cb18f78 e-flex e-con-boxed e-con e-parent\" data-id=\"cb18f78\" data-element_type=\"container\" data-settings=\"{&quot;ekit_has_onepagescroll_dot&quot;:&quot;yes&quot;}\">\n\t\t\t\t\t<div class=\"e-con-inner\">\n\t\t\t\t<div class=\"elementor-element elementor-element-3fe254c elementor-widget elementor-widget-text-editor\" data-id=\"3fe254c\" data-element_type=\"widget\" data-settings=\"{&quot;ekit_we_effect_on&quot;:&quot;none&quot;}\" data-widget_type=\"text-editor.default\">\n\t\t\t\t<div class=\"elementor-widget-container\">\n\t\t\t\t\t\t\t\t\t<p><strong>Soru: Bardak hangi malzemeden yap\u0131lm\u0131\u015f?<\/strong><\/p><p>C: Barda\u011f\u0131m\u0131z, dayan\u0131kl\u0131l\u0131\u011f\u0131 ve m\u00fckemmel yal\u0131t\u0131m \u00f6zellikleriyle bilinen y\u00fcksek kaliteli paslanmaz \u00e7elikten \u00fcretilmi\u015ftir.<\/p><p><strong>S: Kupa bula\u015f\u0131k makinesinde y\u0131kanabilir mi?<\/strong><br \/>C: Evet, kupam\u0131z, temizli\u011fin korunmas\u0131nda kolayl\u0131k sa\u011flamak i\u00e7in bula\u015f\u0131k makinesinde y\u0131kanabilecek \u015fekilde tasarlanm\u0131\u015ft\u0131r.<\/p><p><strong>S: Kupan\u0131n yal\u0131t\u0131m\u0131 ne kadar etkilidir?<\/strong><br \/>C: Kupam\u0131z, i\u00e7eceklerinizi birka\u00e7 saat boyunca s\u0131cak veya so\u011fuk tutmak i\u00e7in vakum yal\u0131t\u0131m teknolojisini kullan\u0131r.<\/p><p><strong>S: Kupa s\u0131zd\u0131rmaz m\u0131?<\/strong><br \/>C: Hareket halindeyken d\u00f6k\u00fclme olmamas\u0131n\u0131 sa\u011flamak i\u00e7in g\u00fcvenli, s\u0131zd\u0131rmaz bir kapakla birlikte gelir.<\/p><p><strong>S: Kupa i\u00e7in birden fazla renk se\u00e7ene\u011fi mevcut mu?<\/strong><br \/>C: Farkl\u0131 kullan\u0131c\u0131 tercihlerini kar\u015f\u0131lamak i\u00e7in siyah, g\u00fcm\u00fc\u015f, mavi ve pembe dahil olmak \u00fczere \u00e7e\u015fitli renk se\u00e7enekleri sunuyoruz.<\/p><p><strong>S: Kupa hem s\u0131cak hem de so\u011fuk i\u00e7ecekler i\u00e7in uygun mu?<\/strong><\/p><p>C: Evet, kupam\u0131z hem s\u0131cak hem de so\u011fuk i\u00e7ecekler i\u00e7in uygundur ve her ikisi i\u00e7in de m\u00fckemmel yal\u0131t\u0131m sa\u011flar.<\/p>\t\t\t\t\t\t\t\t<\/div>\n\t\t\t\t<\/div>\n\t\t\t\t\t<\/div>\n\t\t\t\t<\/div>\n\t\t\t\t<\/div>","protected":false},"excerpt":{"rendered":"<p>Frequently Asked Questions (FAQ) Q: What material is the cup made of? A: Our cup is crafted from high-quality stainless steel, known for its durability and excellent insulation properties. Q: Is the mug dishwasher safe?A: Yes, our mug is designed to be dishwasher safe for your convenience in maintaining cleanliness. Q: How effective is the&#8230;<\/p>","protected":false},"author":1,"featured_media":0,"parent":0,"menu_order":0,"comment_status":"closed","ping_status":"closed","template":"","meta":{"_kad_post_transparent":"","_kad_post_title":"hide","_kad_post_layout":"fullwidth","_kad_post_sidebar_id":"","_kad_post_content_style":"unboxed","_kad_post_vertical_padding":"hide","_kad_post_feature":"hide","_kad_post_feature_position":"","_kad_post_header":false,"_kad_post_footer":false,"footnotes":""},"class_list":["post-1581","page","type-page","status-publish","hentry"],"_links":{"self":[{"href":"https:\/\/dizzotravelmug.com\/tr\/wp-json\/wp\/v2\/pages\/1581"}],"collection":[{"href":"https:\/\/dizzotravelmug.com\/tr\/wp-json\/wp\/v2\/pages"}],"about":[{"href":"https:\/\/dizzotravelmug.com\/tr\/wp-json\/wp\/v2\/types\/page"}],"author":[{"embeddable":true,"href":"https:\/\/dizzotravelmug.com\/tr\/wp-json\/wp\/v2\/users\/1"}],"replies":[{"embeddable":true,"href":"https:\/\/dizzotravelmug.com\/tr\/wp-json\/wp\/v2\/comments?post=1581"}],"version-history":[{"count":0,"href":"https:\/\/dizzotravelmug.com\/tr\/wp-json\/wp\/v2\/pages\/1581\/revisions"}],"wp:attachment":[{"href":"https:\/\/dizzotravelmug.com\/tr\/wp-json\/wp\/v2\/media?parent=1581"}],"curies":[{"name":"wp","href":"https:\/\/api.w.org\/{rel}","templated":true}]}}