{"id":1581,"date":"2024-11-14T05:41:09","date_gmt":"2024-11-14T05:41:09","guid":{"rendered":"https:\/\/dizzotravelmug.com\/?page_id=1581"},"modified":"2024-11-14T06:17:43","modified_gmt":"2024-11-14T06:17:43","slug":"faq","status":"publish","type":"page","link":"https:\/\/dizzotravelmug.com\/vi\/faq\/","title":{"rendered":"C\u00e2u h\u1ecfi th\u01b0\u1eddng g\u1eb7p"},"content":{"rendered":"<div data-elementor-type=\"wp-page\" data-elementor-id=\"1581\" class=\"elementor elementor-1581\" data-elementor-post-type=\"page\">\n\t\t\t\t<div class=\"elementor-element elementor-element-3dfd191 e-flex e-con-boxed e-con e-parent\" data-id=\"3dfd191\" data-element_type=\"container\" data-settings=\"{&quot;ekit_has_onepagescroll_dot&quot;:&quot;yes&quot;}\">\n\t\t\t\t\t<div class=\"e-con-inner\">\n\t\t\t\t<div class=\"elementor-element elementor-element-c43c62b elementor-widget elementor-widget-heading\" data-id=\"c43c62b\" data-element_type=\"widget\" data-settings=\"{&quot;ekit_we_effect_on&quot;:&quot;none&quot;}\" data-widget_type=\"heading.default\">\n\t\t\t\t<div class=\"elementor-widget-container\">\n\t\t\t\t\t<h2 class=\"elementor-heading-title elementor-size-default\">C\u00e2u h\u1ecfi th\u01b0\u1eddng g\u1eb7p (FAQ)<\/h2>\t\t\t\t<\/div>\n\t\t\t\t<\/div>\n\t\t\t\t\t<\/div>\n\t\t\t\t<\/div>\n\t\t<div class=\"elementor-element elementor-element-cb18f78 e-flex e-con-boxed e-con e-parent\" data-id=\"cb18f78\" data-element_type=\"container\" data-settings=\"{&quot;ekit_has_onepagescroll_dot&quot;:&quot;yes&quot;}\">\n\t\t\t\t\t<div class=\"e-con-inner\">\n\t\t\t\t<div class=\"elementor-element elementor-element-3fe254c elementor-widget elementor-widget-text-editor\" data-id=\"3fe254c\" data-element_type=\"widget\" data-settings=\"{&quot;ekit_we_effect_on&quot;:&quot;none&quot;}\" data-widget_type=\"text-editor.default\">\n\t\t\t\t<div class=\"elementor-widget-container\">\n\t\t\t\t\t\t\t\t\t<p><strong>H\u1ecfi: Chi\u1ebfc c\u1ed1c \u0111\u01b0\u1ee3c l\u00e0m b\u1eb1ng ch\u1ea5t li\u1ec7u g\u00ec?<\/strong><\/p><p>Tr\u1ea3 l\u1eddi: C\u1ed1c c\u1ee7a ch\u00fang t\u00f4i \u0111\u01b0\u1ee3c ch\u1ebf t\u1ea1o t\u1eeb th\u00e9p kh\u00f4ng g\u1ec9 ch\u1ea5t l\u01b0\u1ee3ng cao, n\u1ed5i ti\u1ebfng v\u1edbi \u0111\u1ed9 b\u1ec1n v\u00e0 \u0111\u1eb7c t\u00ednh c\u00e1ch nhi\u1ec7t tuy\u1ec7t v\u1eddi.<\/p><p><strong>H\u1ecfi: M\u00e1y r\u1eeda ch\u00e9n b\u1eb1ng c\u1ed1c c\u00f3 an to\u00e0n kh\u00f4ng?<\/strong><br \/>Tr\u1ea3 l\u1eddi: C\u00f3, c\u1ed1c c\u1ee7a ch\u00fang t\u00f4i \u0111\u01b0\u1ee3c thi\u1ebft k\u1ebf an to\u00e0n cho m\u00e1y r\u1eeda ch\u00e9n \u0111\u1ec3 thu\u1eadn ti\u1ec7n cho b\u1ea1n trong vi\u1ec7c duy tr\u00ec s\u1ef1 s\u1ea1ch s\u1ebd.<\/p><p><strong>Q: Hi\u1ec7u qu\u1ea3 c\u00e1ch nhi\u1ec7t c\u1ee7a c\u1ed1c nh\u01b0 th\u1ebf n\u00e0o?<\/strong><br \/>Tr\u1ea3 l\u1eddi: C\u1ed1c c\u1ee7a ch\u00fang t\u00f4i s\u1eed d\u1ee5ng c\u00f4ng ngh\u1ec7 c\u00e1ch nhi\u1ec7t ch\u00e2n kh\u00f4ng \u0111\u1ec3 gi\u1eef cho \u0111\u1ed3 u\u1ed1ng c\u1ee7a b\u1ea1n n\u00f3ng ho\u1eb7c l\u1ea1nh trong v\u00e0i gi\u1edd.<\/p><p><strong>Q: C\u1ed1c c\u00f3 ch\u1ed1ng r\u00f2 r\u1ec9 kh\u00f4ng?<\/strong><br \/>Tr\u1ea3 l\u1eddi: N\u00f3 c\u00f3 n\u1eafp ch\u1ed1ng r\u00f2 r\u1ec9 an to\u00e0n \u0111\u1ec3 \u0111\u1ea3m b\u1ea3o kh\u00f4ng b\u1ecb \u0111\u1ed5 khi b\u1ea1n \u0111ang di chuy\u1ec3n.<\/p><p><strong>H\u1ecfi: C\u1ed1c c\u00f3 nhi\u1ec1u l\u1ef1a ch\u1ecdn m\u00e0u s\u1eafc kh\u00f4ng?<\/strong><br \/>Tr\u1ea3 l\u1eddi: Ch\u00fang t\u00f4i cung c\u1ea5p nhi\u1ec1u l\u1ef1a ch\u1ecdn m\u00e0u s\u1eafc kh\u00e1c nhau, bao g\u1ed3m \u0111en, b\u1ea1c, xanh v\u00e0 h\u1ed3ng, \u0111\u1ec3 \u0111\u00e1p \u1ee9ng c\u00e1c s\u1edf th\u00edch kh\u00e1c nhau c\u1ee7a ng\u01b0\u1eddi d\u00f9ng.<\/p><p><strong>Q: C\u1ed1c c\u00f3 ph\u00f9 h\u1ee3p v\u1edbi c\u1ea3 \u0111\u1ed3 u\u1ed1ng n\u00f3ng v\u00e0 l\u1ea1nh kh\u00f4ng?<\/strong><\/p><p>Tr\u1ea3 l\u1eddi: C\u00f3, c\u1ed1c c\u1ee7a ch\u00fang t\u00f4i ph\u00f9 h\u1ee3p cho c\u1ea3 \u0111\u1ed3 u\u1ed1ng n\u00f3ng v\u00e0 l\u1ea1nh, mang l\u1ea1i kh\u1ea3 n\u0103ng c\u00e1ch nhi\u1ec7t tuy\u1ec7t v\u1eddi cho c\u1ea3 hai lo\u1ea1i.<\/p>\t\t\t\t\t\t\t\t<\/div>\n\t\t\t\t<\/div>\n\t\t\t\t\t<\/div>\n\t\t\t\t<\/div>\n\t\t\t\t<\/div>","protected":false},"excerpt":{"rendered":"<p>Frequently Asked Questions (FAQ) Q: What material is the cup made of? A: Our cup is crafted from high-quality stainless steel, known for its durability and excellent insulation properties. Q: Is the mug dishwasher safe?A: Yes, our mug is designed to be dishwasher safe for your convenience in maintaining cleanliness. Q: How effective is the&#8230;<\/p>","protected":false},"author":1,"featured_media":0,"parent":0,"menu_order":0,"comment_status":"closed","ping_status":"closed","template":"","meta":{"_kad_post_transparent":"","_kad_post_title":"hide","_kad_post_layout":"fullwidth","_kad_post_sidebar_id":"","_kad_post_content_style":"unboxed","_kad_post_vertical_padding":"hide","_kad_post_feature":"hide","_kad_post_feature_position":"","_kad_post_header":false,"_kad_post_footer":false,"footnotes":""},"class_list":["post-1581","page","type-page","status-publish","hentry"],"_links":{"self":[{"href":"https:\/\/dizzotravelmug.com\/vi\/wp-json\/wp\/v2\/pages\/1581"}],"collection":[{"href":"https:\/\/dizzotravelmug.com\/vi\/wp-json\/wp\/v2\/pages"}],"about":[{"href":"https:\/\/dizzotravelmug.com\/vi\/wp-json\/wp\/v2\/types\/page"}],"author":[{"embeddable":true,"href":"https:\/\/dizzotravelmug.com\/vi\/wp-json\/wp\/v2\/users\/1"}],"replies":[{"embeddable":true,"href":"https:\/\/dizzotravelmug.com\/vi\/wp-json\/wp\/v2\/comments?post=1581"}],"version-history":[{"count":0,"href":"https:\/\/dizzotravelmug.com\/vi\/wp-json\/wp\/v2\/pages\/1581\/revisions"}],"wp:attachment":[{"href":"https:\/\/dizzotravelmug.com\/vi\/wp-json\/wp\/v2\/media?parent=1581"}],"curies":[{"name":"wp","href":"https:\/\/api.w.org\/{rel}","templated":true}]}}